{"id":24526,"date":"2020-10-05T11:42:35","date_gmt":"2020-10-05T08:42:35","guid":{"rendered":"https:\/\/www.radiomarket.fi\/tuote\/ekua1016-telefunken-super-2423\/"},"modified":"2022-03-10T10:49:35","modified_gmt":"2022-03-10T08:49:35","slug":"ekua1016-telefunken-super-2423","status":"publish","type":"product","link":"https:\/\/www.radiomarket.fi\/en\/kohde\/ekua1016-telefunken-super-2423\/","title":{"rendered":"EKUA1016 Telefunken Super 2423 (EKUM)"},"content":{"rendered":"<p>Puukuorinen laite, jossa vaalea kangas ja valkopohjainen vaaka-asteikko. Asteikon reunoilla, puussa kaksi suurta tummanruskeaa nuppia. Verkkojohto mukana laitteen sis\u00e4ll\u00e4. Koneisto ainakin muuntajan osalta vaikuttaa samalta kuin malli Telefunken Super 2427\/9 Vivace 6202.<br \/><br \/><strong>Ainakin seuraavat osat puuttuvat tai purettu:<\/strong><br \/><br \/>Ei kaiutinta. <br \/>Toinen takalevyn ruuveista puuttuu, toinen ei alkuper\u00e4inen.<br \/>Ei putkia.<br \/>Kuvassa oleva takalevyn sarjanumerolappu irronnut, sis\u00e4ll\u00e4 mukana.<br \/><br \/>Muitakin osia saattaa olla purettu. Ei tutkittu tarkemmin. Varmistathan tietojen oikeellisuuden myyj\u00e4lt\u00e4.<br \/><br \/>Myyd\u00e4\u00e4n kokonaisena ilman putkia t\u00e4h\u00e4n hintaan tai vaihtoehtoisesti tiedustele tarvitsemiasi osia.<\/p>","protected":false},"excerpt":{"rendered":"<p>Puukuorinen laite, jossa vaalea kangas ja valkopohjainen vaaka-asteikko. Asteikon reunoilla, puussa kaksi suurta tummanruskeaa nuppia. Verkkojohto mukana laitteen sis\u00e4ll\u00e4. Koneisto ainakin muuntajan osalta vaikuttaa samalta kuin malli Telefunken Super 2427\/9 Vivace 6202.Ainakin seuraavat osat puuttuvat tai purettu:Ei kaiutinta. Toinen takalevyn ruuveista puuttuu, toinen ei alkuper\u00e4inen.Ei putkia.Kuvassa oleva takalevyn sarjanumerolappu irronnut, sis\u00e4ll\u00e4 mukana.Muitakin osia saattaa olla &hellip;<\/p>\n<p class=\"read-more\"> <a class=\"thunk-readmore button\" href=\"https:\/\/www.radiomarket.fi\/en\/kohde\/ekua1016-telefunken-super-2423\/\"> <span class=\"screen-reader-text\">EKUA1016 Telefunken Super 2423 (EKUM)<\/span>Read More<\/a><\/p>","protected":false},"featured_media":3651,"template":"","meta":[],"_links":{"self":[{"href":"https:\/\/www.radiomarket.fi\/en\/wp-json\/wp\/v2\/product\/24526"}],"collection":[{"href":"https:\/\/www.radiomarket.fi\/en\/wp-json\/wp\/v2\/product"}],"about":[{"href":"https:\/\/www.radiomarket.fi\/en\/wp-json\/wp\/v2\/types\/product"}],"wp:featuredmedia":[{"embeddable":true,"href":"https:\/\/www.radiomarket.fi\/en\/wp-json\/wp\/v2\/media\/3651"}],"wp:attachment":[{"href":"https:\/\/www.radiomarket.fi\/en\/wp-json\/wp\/v2\/media?parent=24526"}],"curies":[{"name":"wp","href":"https:\/\/api.w.org\/{rel}","templated":true}]}}