{"id":24529,"date":"2020-10-05T11:42:36","date_gmt":"2020-10-05T08:42:36","guid":{"rendered":"https:\/\/www.radiomarket.fi\/tuote\/ekua1012-veb-opal-rft\/"},"modified":"2020-10-05T11:42:36","modified_gmt":"2020-10-05T08:42:36","slug":"ekua1012-veb-opal-rft","status":"publish","type":"product","link":"https:\/\/www.radiomarket.fi\/en\/kohde\/ekua1012-veb-opal-rft\/","title":{"rendered":"EKUA1012 VEB Opal RFT"},"content":{"rendered":"Ei asteikkolasia, melko siisti kuori, sis\u00e4ll\u00e4 pussissa valmistusaikatiedon sis\u00e4lt\u00e4v\u00e4 tarra, alkuper\u00e4iset ruuvit. Pohjalevy mukana, sidottu kiinni. Putkia puuttuu, mutta ainakin n\u00e4k\u00f6viritysputki on. P\u00e4\u00e4ll\u00e4 yksi pitk\u00e4 naarmu ja muutama pieni osuma kopassa. Myyd\u00e4\u00e4n entis\u00f6it\u00e4v\u00e4ksi kokonaisena. Katso my\u00f6s EKUA8163 ja EKUA9559.","protected":false},"excerpt":{"rendered":"<p>Ei asteikkolasia, melko siisti kuori, sis\u00e4ll\u00e4 pussissa valmistusaikatiedon sis\u00e4lt\u00e4v\u00e4 tarra, alkuper\u00e4iset ruuvit. Pohjalevy mukana, sidottu kiinni. Putkia puuttuu, mutta ainakin n\u00e4k\u00f6viritysputki on. P\u00e4\u00e4ll\u00e4 yksi pitk\u00e4 naarmu ja muutama pieni osuma kopassa. Myyd\u00e4\u00e4n entis\u00f6it\u00e4v\u00e4ksi kokonaisena. Katso my\u00f6s EKUA8163 ja EKUA9559.<\/p>","protected":false},"featured_media":3643,"template":"","meta":[],"_links":{"self":[{"href":"https:\/\/www.radiomarket.fi\/en\/wp-json\/wp\/v2\/product\/24529"}],"collection":[{"href":"https:\/\/www.radiomarket.fi\/en\/wp-json\/wp\/v2\/product"}],"about":[{"href":"https:\/\/www.radiomarket.fi\/en\/wp-json\/wp\/v2\/types\/product"}],"wp:featuredmedia":[{"embeddable":true,"href":"https:\/\/www.radiomarket.fi\/en\/wp-json\/wp\/v2\/media\/3643"}],"wp:attachment":[{"href":"https:\/\/www.radiomarket.fi\/en\/wp-json\/wp\/v2\/media?parent=24529"}],"curies":[{"name":"wp","href":"https:\/\/api.w.org\/{rel}","templated":true}]}}