{"id":24536,"date":"2020-10-05T11:42:39","date_gmt":"2020-10-05T08:42:39","guid":{"rendered":"https:\/\/www.radiomarket.fi\/tuote\/ekua1003-pioneer-xv-dv360\/"},"modified":"2020-10-05T11:42:39","modified_gmt":"2020-10-05T08:42:39","slug":"ekua1003-pioneer-xv-dv360","status":"publish","type":"product","link":"https:\/\/www.radiomarket.fi\/en\/kohde\/ekua1003-pioneer-xv-dv360\/","title":{"rendered":"EKUA1003 Pioneer XV-DV360"},"content":{"rendered":"CD\/DVD receiver. USB-liit\u00e4nn\u00e4ll\u00e4.","protected":false},"excerpt":{"rendered":"<p>CD\/DVD receiver. USB-liit\u00e4nn\u00e4ll\u00e4.<\/p>","protected":false},"featured_media":3630,"template":"","meta":[],"_links":{"self":[{"href":"https:\/\/www.radiomarket.fi\/en\/wp-json\/wp\/v2\/product\/24536"}],"collection":[{"href":"https:\/\/www.radiomarket.fi\/en\/wp-json\/wp\/v2\/product"}],"about":[{"href":"https:\/\/www.radiomarket.fi\/en\/wp-json\/wp\/v2\/types\/product"}],"wp:featuredmedia":[{"embeddable":true,"href":"https:\/\/www.radiomarket.fi\/en\/wp-json\/wp\/v2\/media\/3630"}],"wp:attachment":[{"href":"https:\/\/www.radiomarket.fi\/en\/wp-json\/wp\/v2\/media?parent=24536"}],"curies":[{"name":"wp","href":"https:\/\/api.w.org\/{rel}","templated":true}]}}