{"id":24537,"date":"2020-10-05T11:42:39","date_gmt":"2020-10-05T08:42:39","guid":{"rendered":"https:\/\/www.radiomarket.fi\/tuote\/ekua1002-sony-cdp-715\/"},"modified":"2022-04-01T17:39:22","modified_gmt":"2022-04-01T14:39:22","slug":"ekua1002-sony-cdp-715","status":"publish","type":"product","link":"https:\/\/www.radiomarket.fi\/en\/kohde\/ekua1002-sony-cdp-715\/","title":{"rendered":"EKUA1002 Sony CDP-715"},"content":{"rendered":"P\u00f6yt\u00e4mallia, naarmuinen","protected":false},"excerpt":{"rendered":"<p>P\u00f6yt\u00e4mallia, naarmuinen<\/p>","protected":false},"featured_media":3628,"template":"","meta":[],"_links":{"self":[{"href":"https:\/\/www.radiomarket.fi\/en\/wp-json\/wp\/v2\/product\/24537"}],"collection":[{"href":"https:\/\/www.radiomarket.fi\/en\/wp-json\/wp\/v2\/product"}],"about":[{"href":"https:\/\/www.radiomarket.fi\/en\/wp-json\/wp\/v2\/types\/product"}],"wp:featuredmedia":[{"embeddable":true,"href":"https:\/\/www.radiomarket.fi\/en\/wp-json\/wp\/v2\/media\/3628"}],"wp:attachment":[{"href":"https:\/\/www.radiomarket.fi\/en\/wp-json\/wp\/v2\/media?parent=24537"}],"curies":[{"name":"wp","href":"https:\/\/api.w.org\/{rel}","templated":true}]}}