{"id":24547,"date":"2020-10-05T11:42:44","date_gmt":"2020-10-05T08:42:44","guid":{"rendered":"https:\/\/www.radiomarket.fi\/tuote\/ekua0989-asa-1189\/"},"modified":"2021-03-01T04:23:33","modified_gmt":"2021-03-01T02:23:33","slug":"ekua0989-asa-1189","status":"publish","type":"product","link":"https:\/\/www.radiomarket.fi\/en\/kohde\/ekua0989-asa-1189\/","title":{"rendered":"EKUA0989 Asa 1189"},"content":{"rendered":"Koneisto irrallaan, kotelossa lovi p\u00e4\u00e4ll\u00e4. Ei kaiutinta. Kuvasta poiketen nupit poistettu, mutta painonapit j\u00e4ljell\u00e4.","protected":false},"excerpt":{"rendered":"<p>Koneisto irrallaan, kotelossa lovi p\u00e4\u00e4ll\u00e4. Ei kaiutinta. Kuvasta poiketen nupit poistettu, mutta painonapit j\u00e4ljell\u00e4.<\/p>","protected":false},"featured_media":921,"template":"","meta":[],"_links":{"self":[{"href":"https:\/\/www.radiomarket.fi\/en\/wp-json\/wp\/v2\/product\/24547"}],"collection":[{"href":"https:\/\/www.radiomarket.fi\/en\/wp-json\/wp\/v2\/product"}],"about":[{"href":"https:\/\/www.radiomarket.fi\/en\/wp-json\/wp\/v2\/types\/product"}],"wp:featuredmedia":[{"embeddable":true,"href":"https:\/\/www.radiomarket.fi\/en\/wp-json\/wp\/v2\/media\/921"}],"wp:attachment":[{"href":"https:\/\/www.radiomarket.fi\/en\/wp-json\/wp\/v2\/media?parent=24547"}],"curies":[{"name":"wp","href":"https:\/\/api.w.org\/{rel}","templated":true}]}}