{"id":24553,"date":"2020-10-05T11:42:46","date_gmt":"2020-10-05T08:42:46","guid":{"rendered":"https:\/\/www.radiomarket.fi\/tuote\/ekua0983-asa-1xx\/"},"modified":"2022-05-12T11:29:27","modified_gmt":"2022-05-12T08:29:27","slug":"ekua0983-asa-1xx","status":"publish","type":"product","link":"https:\/\/www.radiomarket.fi\/en\/kohde\/ekua0983-asa-1xx\/","title":{"rendered":"EKUA0983 Asa 1xx(?) \/ 826 (?)"},"content":{"rendered":"<p>Kotelo hilseillyt, EABC80 puuttuu, yksi ylioppilasputki ainakin, p\u00e4\u00e4tykaiutin puuttuu. Etukaiutin 8(?) tuumaa. Ei takalevy\u00e4. Ehj\u00e4t p\u00e4\u00e4tyritil\u00e4t, lasista liimat j\u00e4ljell\u00e4. Painonapit ja etunupit on, ovatko etunupit alkuper\u00e4iset? P\u00e4\u00e4tynuppi puuttuu. Kankaat OK.<\/p>","protected":false},"excerpt":{"rendered":"<p>Kotelo hilseillyt, EABC80 puuttuu, yksi ylioppilasputki ainakin, p\u00e4\u00e4tykaiutin puuttuu. Etukaiutin 8(?) tuumaa. Ei takalevy\u00e4. Ehj\u00e4t p\u00e4\u00e4tyritil\u00e4t, lasista liimat j\u00e4ljell\u00e4. Painonapit ja etunupit on, ovatko etunupit alkuper\u00e4iset? P\u00e4\u00e4tynuppi puuttuu. Kankaat OK.<\/p>","protected":false},"featured_media":908,"template":"","meta":[],"_links":{"self":[{"href":"https:\/\/www.radiomarket.fi\/en\/wp-json\/wp\/v2\/product\/24553"}],"collection":[{"href":"https:\/\/www.radiomarket.fi\/en\/wp-json\/wp\/v2\/product"}],"about":[{"href":"https:\/\/www.radiomarket.fi\/en\/wp-json\/wp\/v2\/types\/product"}],"wp:featuredmedia":[{"embeddable":true,"href":"https:\/\/www.radiomarket.fi\/en\/wp-json\/wp\/v2\/media\/908"}],"wp:attachment":[{"href":"https:\/\/www.radiomarket.fi\/en\/wp-json\/wp\/v2\/media?parent=24553"}],"curies":[{"name":"wp","href":"https:\/\/api.w.org\/{rel}","templated":true}]}}