{"id":24558,"date":"2020-10-05T11:42:48","date_gmt":"2020-10-05T08:42:48","guid":{"rendered":"https:\/\/www.radiomarket.fi\/tuote\/ekua0978-philips-putkiradio\/"},"modified":"2020-10-05T11:42:48","modified_gmt":"2020-10-05T08:42:48","slug":"ekua0978-philips-putkiradio","status":"publish","type":"product","link":"https:\/\/www.radiomarket.fi\/en\/kohde\/ekua0978-philips-putkiradio\/","title":{"rendered":"EKUA0978 Philips Putkiradio"},"content":{"rendered":"Virtal\u00e4hdeosa, putkena AZ1, alkuper\u00e4inen Philipsin nauhalla","protected":false},"excerpt":{"rendered":"<p>Virtal\u00e4hdeosa, putkena AZ1, alkuper\u00e4inen Philipsin nauhalla<\/p>","protected":false},"featured_media":901,"template":"","meta":[],"_links":{"self":[{"href":"https:\/\/www.radiomarket.fi\/en\/wp-json\/wp\/v2\/product\/24558"}],"collection":[{"href":"https:\/\/www.radiomarket.fi\/en\/wp-json\/wp\/v2\/product"}],"about":[{"href":"https:\/\/www.radiomarket.fi\/en\/wp-json\/wp\/v2\/types\/product"}],"wp:featuredmedia":[{"embeddable":true,"href":"https:\/\/www.radiomarket.fi\/en\/wp-json\/wp\/v2\/media\/901"}],"wp:attachment":[{"href":"https:\/\/www.radiomarket.fi\/en\/wp-json\/wp\/v2\/media?parent=24558"}],"curies":[{"name":"wp","href":"https:\/\/api.w.org\/{rel}","templated":true}]}}