{"id":24565,"date":"2020-10-05T11:42:51","date_gmt":"2020-10-05T08:42:51","guid":{"rendered":"https:\/\/www.radiomarket.fi\/tuote\/ekua0966-dixi-kc-2505\/"},"modified":"2020-10-05T11:42:51","modified_gmt":"2020-10-05T08:42:51","slug":"ekua0966-dixi-kc-2505","status":"publish","type":"product","link":"https:\/\/www.radiomarket.fi\/en\/kohde\/ekua0966-dixi-kc-2505\/","title":{"rendered":"EKUA0966 Dixi KC-2505"},"content":{"rendered":"FM ja keskipitk\u00e4t aallot. Muuten p\u00e4\u00e4llisinpuolin kokonainen mutta edest\u00e4 on joku koristelista (merkki?) l\u00e4htenyt liimauksestaan irti.","protected":false},"excerpt":{"rendered":"<p>FM ja keskipitk\u00e4t aallot. Muuten p\u00e4\u00e4llisinpuolin kokonainen mutta edest\u00e4 on joku koristelista (merkki?) l\u00e4htenyt liimauksestaan irti.<\/p>","protected":false},"featured_media":885,"template":"","meta":[],"_links":{"self":[{"href":"https:\/\/www.radiomarket.fi\/en\/wp-json\/wp\/v2\/product\/24565"}],"collection":[{"href":"https:\/\/www.radiomarket.fi\/en\/wp-json\/wp\/v2\/product"}],"about":[{"href":"https:\/\/www.radiomarket.fi\/en\/wp-json\/wp\/v2\/types\/product"}],"wp:featuredmedia":[{"embeddable":true,"href":"https:\/\/www.radiomarket.fi\/en\/wp-json\/wp\/v2\/media\/885"}],"wp:attachment":[{"href":"https:\/\/www.radiomarket.fi\/en\/wp-json\/wp\/v2\/media?parent=24565"}],"curies":[{"name":"wp","href":"https:\/\/api.w.org\/{rel}","templated":true}]}}