{"id":24566,"date":"2020-10-05T11:42:51","date_gmt":"2020-10-05T08:42:51","guid":{"rendered":"https:\/\/www.radiomarket.fi\/tuote\/ekua0965-dux-8928\/"},"modified":"2021-01-22T15:20:54","modified_gmt":"2021-01-22T13:20:54","slug":"ekua0965-dux-8928","status":"publish","type":"product","link":"https:\/\/www.radiomarket.fi\/en\/kohde\/ekua0965-dux-8928\/","title":{"rendered":"EKUA0965 Dux 8928"},"content":{"rendered":"Kasettipes\u00e4 edess\u00e4. Antennivikainen. Kotelo lohjennut ainakin yhdest\u00e4 kulmasta. Paristot vuotaneet.","protected":false},"excerpt":{"rendered":"<p>Kasettipes\u00e4 edess\u00e4. Antennivikainen. Kotelo lohjennut ainakin yhdest\u00e4 kulmasta. Paristot vuotaneet.<\/p>","protected":false},"featured_media":883,"template":"","meta":[],"_links":{"self":[{"href":"https:\/\/www.radiomarket.fi\/en\/wp-json\/wp\/v2\/product\/24566"}],"collection":[{"href":"https:\/\/www.radiomarket.fi\/en\/wp-json\/wp\/v2\/product"}],"about":[{"href":"https:\/\/www.radiomarket.fi\/en\/wp-json\/wp\/v2\/types\/product"}],"wp:featuredmedia":[{"embeddable":true,"href":"https:\/\/www.radiomarket.fi\/en\/wp-json\/wp\/v2\/media\/883"}],"wp:attachment":[{"href":"https:\/\/www.radiomarket.fi\/en\/wp-json\/wp\/v2\/media?parent=24566"}],"curies":[{"name":"wp","href":"https:\/\/api.w.org\/{rel}","templated":true}]}}