{"id":24567,"date":"2020-10-05T11:42:52","date_gmt":"2020-10-05T08:42:52","guid":{"rendered":"https:\/\/www.radiomarket.fi\/tuote\/ekua0964-hitachi-trk-7300e\/"},"modified":"2023-01-26T12:40:13","modified_gmt":"2023-01-26T10:40:13","slug":"ekua0964-hitachi-trk-7300e","status":"publish","type":"product","link":"https:\/\/www.radiomarket.fi\/en\/kohde\/ekua0964-hitachi-trk-7300e\/","title":{"rendered":"EKUA0964 Hitachi TRK-7300E (EKUS)"},"content":{"rendered":"<p>Paristokotelon muovissa pient\u00e4 ruostepistett\u00e4 yhdell\u00e4 kohtaa. Jouset ym. kosketuspinnat virheett\u00f6mi\u00e4. Testattu kev\u00e4\u00e4ll\u00e4 2022.<\/p>","protected":false},"excerpt":{"rendered":"<p>Paristokotelon muovissa pient\u00e4 ruostepistett\u00e4 yhdell\u00e4 kohtaa. Jouset ym. kosketuspinnat virheett\u00f6mi\u00e4. Testattu kev\u00e4\u00e4ll\u00e4 2022.<\/p>","protected":false},"featured_media":881,"template":"","meta":[],"_links":{"self":[{"href":"https:\/\/www.radiomarket.fi\/en\/wp-json\/wp\/v2\/product\/24567"}],"collection":[{"href":"https:\/\/www.radiomarket.fi\/en\/wp-json\/wp\/v2\/product"}],"about":[{"href":"https:\/\/www.radiomarket.fi\/en\/wp-json\/wp\/v2\/types\/product"}],"wp:featuredmedia":[{"embeddable":true,"href":"https:\/\/www.radiomarket.fi\/en\/wp-json\/wp\/v2\/media\/881"}],"wp:attachment":[{"href":"https:\/\/www.radiomarket.fi\/en\/wp-json\/wp\/v2\/media?parent=24567"}],"curies":[{"name":"wp","href":"https:\/\/api.w.org\/{rel}","templated":true}]}}