{"id":24571,"date":"2020-10-05T11:42:54","date_gmt":"2020-10-05T08:42:54","guid":{"rendered":"https:\/\/www.radiomarket.fi\/tuote\/ekua0960-celeston-stereo-triumph\/"},"modified":"2022-08-03T16:49:20","modified_gmt":"2022-08-03T13:49:20","slug":"ekua0960-celeston-stereo-triumph","status":"publish","type":"product","link":"https:\/\/www.radiomarket.fi\/en\/kohde\/ekua0960-celeston-stereo-triumph\/","title":{"rendered":"EKUA0960 Celeston Stereo Triumph (Helvar Stereo Fanfar) (EKUS)"},"content":{"rendered":"<p>Kotelon sis\u00e4reuna takaa k\u00e4rsinyt, toisessa p\u00e4\u00e4tykankaassa sanomista. Lasi huono, kotelon saumat rakoilevat. Koneisto siisti. Kotelossa numero \u201dSopenkorpi No 6220\u201d. Vastaava radio kuin Helvar Stereo Fanfar.<br \/><br \/><strong>Verkkomuuntajan vastaavuus<\/strong> (s\u00e4hk\u00f6isesti pit\u00e4isi sopia, mekaanisesti v\u00e4ltt\u00e4m\u00e4tt\u00e4 ei): Helvar Stereo Fanfar \/ Celeston Stereo Triumph \/ Helvar Jubil\u00e9 De Luxe \/ Celeston Royal De Luxe \/ Helvar Melodia \/ Celeston Capella \/ Helvar Stereo Jupiter \/ Celeston Stereo Concerto \/ ASA 1060 \/ Salora Metropol 58. Ja periaatteessa kaikki muutkin vuorovaihep\u00e4\u00e4teasteella (kahdella EL84 -putkella) toteutetut radiot.<\/p><p>&nbsp;<\/p><p><strong>Purettu \/ puuttuu ainakin seuraavat osat:<\/strong><br \/><br \/>Verkkomuuntaja<br \/>Push buttons<br \/>Ei putkia<br \/><br \/><\/p><p>Ei tutkittu tarkemmin, muitakin osia saattaa puuttua. Varmistathan tietojen oikeellisuuden myyj\u00e4lt\u00e4.<\/p>","protected":false},"excerpt":{"rendered":"<p>Kotelon sis\u00e4reuna takaa k\u00e4rsinyt, toisessa p\u00e4\u00e4tykankaassa sanomista. Lasi huono, kotelon saumat rakoilevat. Koneisto siisti. Kotelossa numero \u201dSopenkorpi No 6220\u201d. Vastaava radio kuin Helvar Stereo Fanfar.Verkkomuuntajan vastaavuus (s\u00e4hk\u00f6isesti pit\u00e4isi sopia, mekaanisesti v\u00e4ltt\u00e4m\u00e4tt\u00e4 ei): Helvar Stereo Fanfar \/ Celeston Stereo Triumph \/ Helvar Jubil\u00e9 De Luxe \/ Celeston Royal De Luxe \/ Helvar Melodia \/ Celeston Capella &hellip;<\/p>\n<p class=\"read-more\"> <a class=\"thunk-readmore button\" href=\"https:\/\/www.radiomarket.fi\/en\/kohde\/ekua0960-celeston-stereo-triumph\/\"> <span class=\"screen-reader-text\">EKUA0960 Celeston Stereo Triumph (Helvar Stereo Fanfar) (EKUS)<\/span>Read More<\/a><\/p>","protected":false},"featured_media":870,"template":"","meta":[],"_links":{"self":[{"href":"https:\/\/www.radiomarket.fi\/en\/wp-json\/wp\/v2\/product\/24571"}],"collection":[{"href":"https:\/\/www.radiomarket.fi\/en\/wp-json\/wp\/v2\/product"}],"about":[{"href":"https:\/\/www.radiomarket.fi\/en\/wp-json\/wp\/v2\/types\/product"}],"wp:featuredmedia":[{"embeddable":true,"href":"https:\/\/www.radiomarket.fi\/en\/wp-json\/wp\/v2\/media\/870"}],"wp:attachment":[{"href":"https:\/\/www.radiomarket.fi\/en\/wp-json\/wp\/v2\/media?parent=24571"}],"curies":[{"name":"wp","href":"https:\/\/api.w.org\/{rel}","templated":true}]}}