{"id":24574,"date":"2020-10-05T11:42:56","date_gmt":"2020-10-05T08:42:56","guid":{"rendered":"https:\/\/www.radiomarket.fi\/tuote\/ekua0957-philips-520-a\/"},"modified":"2020-10-05T11:42:56","modified_gmt":"2020-10-05T08:42:56","slug":"ekua0957-philips-520-a","status":"publish","type":"product","link":"https:\/\/www.radiomarket.fi\/en\/kohde\/ekua0957-philips-520-a\/","title":{"rendered":"EKUA0957 Philips 520 A"},"content":{"rendered":"P\u00e4\u00e4llep\u00e4in kokonainen, kangas yhdest\u00e4 kohdasta tummunut. Lakka hilseillyt. Putkitus EM 34, ECH42, EAF42, AZ41, EL41, EBC41","protected":false},"excerpt":{"rendered":"<p>P\u00e4\u00e4llep\u00e4in kokonainen, kangas yhdest\u00e4 kohdasta tummunut. Lakka hilseillyt. Putkitus EM 34, ECH42, EAF42, AZ41, EL41, EBC41<\/p>","protected":false},"featured_media":864,"template":"","meta":[],"_links":{"self":[{"href":"https:\/\/www.radiomarket.fi\/en\/wp-json\/wp\/v2\/product\/24574"}],"collection":[{"href":"https:\/\/www.radiomarket.fi\/en\/wp-json\/wp\/v2\/product"}],"about":[{"href":"https:\/\/www.radiomarket.fi\/en\/wp-json\/wp\/v2\/types\/product"}],"wp:featuredmedia":[{"embeddable":true,"href":"https:\/\/www.radiomarket.fi\/en\/wp-json\/wp\/v2\/media\/864"}],"wp:attachment":[{"href":"https:\/\/www.radiomarket.fi\/en\/wp-json\/wp\/v2\/media?parent=24574"}],"curies":[{"name":"wp","href":"https:\/\/api.w.org\/{rel}","templated":true}]}}