{"id":24579,"date":"2020-10-05T11:42:57","date_gmt":"2020-10-05T08:42:57","guid":{"rendered":"https:\/\/www.radiomarket.fi\/tuote\/ekua0952-technics-sa-210k-ex\/"},"modified":"2020-10-05T11:42:57","modified_gmt":"2020-10-05T08:42:57","slug":"ekua0952-technics-sa-210k-ex","status":"publish","type":"product","link":"https:\/\/www.radiomarket.fi\/en\/kohde\/ekua0952-technics-sa-210k-ex\/","title":{"rendered":"EKUA0952 Technics SA-210K-EX"},"content":{"rendered":"Kotelon takakulma v\u00e4\u00e4ntynyt, irvist\u00e4\u00e4","protected":false},"excerpt":{"rendered":"<p>Kotelon takakulma v\u00e4\u00e4ntynyt, irvist\u00e4\u00e4<\/p>","protected":false},"featured_media":854,"template":"","meta":[],"_links":{"self":[{"href":"https:\/\/www.radiomarket.fi\/en\/wp-json\/wp\/v2\/product\/24579"}],"collection":[{"href":"https:\/\/www.radiomarket.fi\/en\/wp-json\/wp\/v2\/product"}],"about":[{"href":"https:\/\/www.radiomarket.fi\/en\/wp-json\/wp\/v2\/types\/product"}],"wp:featuredmedia":[{"embeddable":true,"href":"https:\/\/www.radiomarket.fi\/en\/wp-json\/wp\/v2\/media\/854"}],"wp:attachment":[{"href":"https:\/\/www.radiomarket.fi\/en\/wp-json\/wp\/v2\/media?parent=24579"}],"curies":[{"name":"wp","href":"https:\/\/api.w.org\/{rel}","templated":true}]}}