{"id":24590,"date":"2020-10-05T11:43:02","date_gmt":"2020-10-05T08:43:02","guid":{"rendered":"https:\/\/www.radiomarket.fi\/tuote\/ekua0939-veb-weimar-4910-sonneberg\/"},"modified":"2022-07-26T07:22:35","modified_gmt":"2022-07-26T04:22:35","slug":"ekua0939-veb-weimar-4910-sonneberg","status":"publish","type":"product","link":"https:\/\/www.radiomarket.fi\/en\/kohde\/ekua0939-veb-weimar-4910-sonneberg\/","title":{"rendered":"EKUA0939 VEB Weimar 4910 Sonneberg"},"content":{"rendered":"<p>Koneisto ja lasi, lasi huonossa kunnossa. Ei koteloa. Ei putkia. Kuvasta poiketen ei my\u00f6sk\u00e4\u00e4n asteikkolamppuja, eik\u00e4 nuppeja, mutta painonapit j\u00e4ljell\u00e4.<\/p>","protected":false},"excerpt":{"rendered":"<p>Koneisto ja lasi, lasi huonossa kunnossa. Ei koteloa. Ei putkia. Kuvasta poiketen ei my\u00f6sk\u00e4\u00e4n asteikkolamppuja, eik\u00e4 nuppeja, mutta painonapit j\u00e4ljell\u00e4.<\/p>","protected":false},"featured_media":830,"template":"","meta":[],"_links":{"self":[{"href":"https:\/\/www.radiomarket.fi\/en\/wp-json\/wp\/v2\/product\/24590"}],"collection":[{"href":"https:\/\/www.radiomarket.fi\/en\/wp-json\/wp\/v2\/product"}],"about":[{"href":"https:\/\/www.radiomarket.fi\/en\/wp-json\/wp\/v2\/types\/product"}],"wp:featuredmedia":[{"embeddable":true,"href":"https:\/\/www.radiomarket.fi\/en\/wp-json\/wp\/v2\/media\/830"}],"wp:attachment":[{"href":"https:\/\/www.radiomarket.fi\/en\/wp-json\/wp\/v2\/media?parent=24590"}],"curies":[{"name":"wp","href":"https:\/\/api.w.org\/{rel}","templated":true}]}}