{"id":24596,"date":"2020-10-05T11:43:04","date_gmt":"2020-10-05T08:43:04","guid":{"rendered":"https:\/\/www.radiomarket.fi\/tuote\/ekua0933-seafarer-seafarer-range-4\/"},"modified":"2020-10-05T11:43:04","modified_gmt":"2020-10-05T08:43:04","slug":"ekua0933-seafarer-seafarer-range-4","status":"publish","type":"product","link":"https:\/\/www.radiomarket.fi\/en\/kohde\/ekua0933-seafarer-seafarer-range-4\/","title":{"rendered":"EKUA0933 Seafarer Seafarer Range 4"},"content":{"rendered":"Mukana anturia. Muovissa lohkeama. HUOM! Kaikuluotainta ei saa k\u00e4ytt\u00e4\u00e4 kuiviltaan, vaan esim. vesi\u00e4mp\u00e4riss\u00e4. Ei saa kokeilla my\u00f6sk\u00e4\u00e4n ilman anturia.","protected":false},"excerpt":{"rendered":"<p>Mukana anturia. Muovissa lohkeama. HUOM! Kaikuluotainta ei saa k\u00e4ytt\u00e4\u00e4 kuiviltaan, vaan esim. vesi\u00e4mp\u00e4riss\u00e4. Ei saa kokeilla my\u00f6sk\u00e4\u00e4n ilman anturia.<\/p>","protected":false},"featured_media":818,"template":"","meta":[],"_links":{"self":[{"href":"https:\/\/www.radiomarket.fi\/en\/wp-json\/wp\/v2\/product\/24596"}],"collection":[{"href":"https:\/\/www.radiomarket.fi\/en\/wp-json\/wp\/v2\/product"}],"about":[{"href":"https:\/\/www.radiomarket.fi\/en\/wp-json\/wp\/v2\/types\/product"}],"wp:featuredmedia":[{"embeddable":true,"href":"https:\/\/www.radiomarket.fi\/en\/wp-json\/wp\/v2\/media\/818"}],"wp:attachment":[{"href":"https:\/\/www.radiomarket.fi\/en\/wp-json\/wp\/v2\/media?parent=24596"}],"curies":[{"name":"wp","href":"https:\/\/api.w.org\/{rel}","templated":true}]}}