{"id":24599,"date":"2020-10-05T11:43:06","date_gmt":"2020-10-05T08:43:06","guid":{"rendered":"https:\/\/www.radiomarket.fi\/tuote\/ekua0930-seafarer-5\/"},"modified":"2024-06-16T09:59:03","modified_gmt":"2024-06-16T06:59:03","slug":"ekua0930-seafarer-5","status":"publish","type":"product","link":"https:\/\/www.radiomarket.fi\/en\/kohde\/ekua0930-seafarer-5\/","title":{"rendered":"EKUA0930 Seafarer 5"},"content":{"rendered":"Mukana anturi ja k\u00e4ytt\u00f6ohje malliin Seafarer 700. HUOM! Kaikuluotainta ei saa k\u00e4ytt\u00e4\u00e4 kuiviltaan, vaan esim. vesi\u00e4mp\u00e4riss\u00e4. Ei saa kokeilla my\u00f6sk\u00e4\u00e4n ilman anturia.","protected":false},"excerpt":{"rendered":"<p>Mukana anturi ja k\u00e4ytt\u00f6ohje malliin Seafarer 700. HUOM! Kaikuluotainta ei saa k\u00e4ytt\u00e4\u00e4 kuiviltaan, vaan esim. vesi\u00e4mp\u00e4riss\u00e4. Ei saa kokeilla my\u00f6sk\u00e4\u00e4n ilman anturia.<\/p>","protected":false},"featured_media":812,"template":"","meta":[],"_links":{"self":[{"href":"https:\/\/www.radiomarket.fi\/en\/wp-json\/wp\/v2\/product\/24599"}],"collection":[{"href":"https:\/\/www.radiomarket.fi\/en\/wp-json\/wp\/v2\/product"}],"about":[{"href":"https:\/\/www.radiomarket.fi\/en\/wp-json\/wp\/v2\/types\/product"}],"wp:featuredmedia":[{"embeddable":true,"href":"https:\/\/www.radiomarket.fi\/en\/wp-json\/wp\/v2\/media\/812"}],"wp:attachment":[{"href":"https:\/\/www.radiomarket.fi\/en\/wp-json\/wp\/v2\/media?parent=24599"}],"curies":[{"name":"wp","href":"https:\/\/api.w.org\/{rel}","templated":true}]}}