{"id":24603,"date":"2020-10-05T11:43:07","date_gmt":"2020-10-05T08:43:07","guid":{"rendered":"https:\/\/www.radiomarket.fi\/tuote\/ekua0926-hitec-focus-4-01-ri-2136-91\/"},"modified":"2020-10-05T11:43:07","modified_gmt":"2020-10-05T08:43:07","slug":"ekua0926-hitec-focus-4-01-ri-2136-91","status":"publish","type":"product","link":"https:\/\/www.radiomarket.fi\/en\/kohde\/ekua0926-hitec-focus-4-01-ri-2136-91\/","title":{"rendered":"EKUA0926 hitec Focus 4-01 RI 2136\/91"},"content":{"rendered":"35 Mhz band. THK:n ja Televerketin hyv\u00e4ksynt\u00e4. Paristokotelon kansi puuttuu.","protected":false},"excerpt":{"rendered":"<p>35 Mhz band. THK:n ja Televerketin hyv\u00e4ksynt\u00e4. Paristokotelon kansi puuttuu.<\/p>","protected":false},"featured_media":805,"template":"","meta":[],"_links":{"self":[{"href":"https:\/\/www.radiomarket.fi\/en\/wp-json\/wp\/v2\/product\/24603"}],"collection":[{"href":"https:\/\/www.radiomarket.fi\/en\/wp-json\/wp\/v2\/product"}],"about":[{"href":"https:\/\/www.radiomarket.fi\/en\/wp-json\/wp\/v2\/types\/product"}],"wp:featuredmedia":[{"embeddable":true,"href":"https:\/\/www.radiomarket.fi\/en\/wp-json\/wp\/v2\/media\/805"}],"wp:attachment":[{"href":"https:\/\/www.radiomarket.fi\/en\/wp-json\/wp\/v2\/media?parent=24603"}],"curies":[{"name":"wp","href":"https:\/\/api.w.org\/{rel}","templated":true}]}}