{"id":24610,"date":"2020-10-05T11:43:10","date_gmt":"2020-10-05T08:43:10","guid":{"rendered":"https:\/\/www.radiomarket.fi\/tuote\/ekua0919-basf-cc-recorder-9202-cro2\/"},"modified":"2023-03-09T17:59:45","modified_gmt":"2023-03-09T15:59:45","slug":"ekua0919-basf-cc-recorder-9202-cro2","status":"publish","type":"product","link":"https:\/\/www.radiomarket.fi\/en\/kohde\/ekua0919-basf-cc-recorder-9202-cro2\/","title":{"rendered":"EKUA0919 BASF CC Recorder 9202 CrO2 (EKUM)"},"content":{"rendered":"<p>Testattu 3\/2023: moottori py\u00f6rii, mutta muuta ei tapahdu. Ainakin yksi vetohihna on poikki. Laitteen sis\u00e4lt\u00e4 ja kotelosta on otettu ruuveja.<\/p>","protected":false},"excerpt":{"rendered":"<p>Testattu 3\/2023: moottori py\u00f6rii, mutta muuta ei tapahdu. Ainakin yksi vetohihna on poikki. Laitteen sis\u00e4lt\u00e4 ja kotelosta on otettu ruuveja.<\/p>","protected":false},"featured_media":791,"template":"","meta":[],"_links":{"self":[{"href":"https:\/\/www.radiomarket.fi\/en\/wp-json\/wp\/v2\/product\/24610"}],"collection":[{"href":"https:\/\/www.radiomarket.fi\/en\/wp-json\/wp\/v2\/product"}],"about":[{"href":"https:\/\/www.radiomarket.fi\/en\/wp-json\/wp\/v2\/types\/product"}],"wp:featuredmedia":[{"embeddable":true,"href":"https:\/\/www.radiomarket.fi\/en\/wp-json\/wp\/v2\/media\/791"}],"wp:attachment":[{"href":"https:\/\/www.radiomarket.fi\/en\/wp-json\/wp\/v2\/media?parent=24610"}],"curies":[{"name":"wp","href":"https:\/\/api.w.org\/{rel}","templated":true}]}}