{"id":24613,"date":"2026-04-07T11:43:11","date_gmt":"2026-04-07T08:43:11","guid":{"rendered":"https:\/\/www.radiomarket.fi\/tuote\/ekua0916-tuntematon-dynamolanka-emalilanka\/"},"modified":"2026-04-07T16:10:33","modified_gmt":"2026-04-07T13:10:33","slug":"ekua0916-tuntematon-dynamolanka-emalilanka","status":"publish","type":"product","link":"https:\/\/www.radiomarket.fi\/en\/kohde\/ekua0916-tuntematon-dynamolanka-emalilanka\/","title":{"rendered":"EKUA0916 Dynamolanka\/Emalilanka erilaisia (EKUS)"},"content":{"rendered":"<p>Useita valmistajia ja eri paksuuksia. Katso my\u00f6s EKUA6028.<\/p><p>Tilatessasi kerro mink\u00e4 rullan haluat, mahdollisuuksien mukaan selkeint\u00e4 on merkit\u00e4 rulla tuotekuvaan.<\/p><p>20260407 kaikki varsinaisissa tuotekuvissa olevat rullat on saatavilla, p\u00e4\u00e4kuvan rullien saatavuutta ei ole tarkastettu.<\/p>","protected":false},"excerpt":{"rendered":"<p>Useita valmistajia ja eri paksuuksia. Katso my\u00f6s EKUA6028.Tilatessasi kerro mink\u00e4 rullan haluat, mahdollisuuksien mukaan selkeint\u00e4 on merkit\u00e4 rulla tuotekuvaan.20260407 kaikki varsinaisissa tuotekuvissa olevat rullat on saatavilla, p\u00e4\u00e4kuvan rullien saatavuutta ei ole tarkastettu.<\/p>","protected":false},"featured_media":785,"template":"","meta":[],"_links":{"self":[{"href":"https:\/\/www.radiomarket.fi\/en\/wp-json\/wp\/v2\/product\/24613"}],"collection":[{"href":"https:\/\/www.radiomarket.fi\/en\/wp-json\/wp\/v2\/product"}],"about":[{"href":"https:\/\/www.radiomarket.fi\/en\/wp-json\/wp\/v2\/types\/product"}],"wp:featuredmedia":[{"embeddable":true,"href":"https:\/\/www.radiomarket.fi\/en\/wp-json\/wp\/v2\/media\/785"}],"wp:attachment":[{"href":"https:\/\/www.radiomarket.fi\/en\/wp-json\/wp\/v2\/media?parent=24613"}],"curies":[{"name":"wp","href":"https:\/\/api.w.org\/{rel}","templated":true}]}}