{"id":24616,"date":"2020-10-05T11:43:13","date_gmt":"2020-10-05T08:43:13","guid":{"rendered":"https:\/\/www.radiomarket.fi\/tuote\/ekua0915x-btr-60-ipx8s-ou-3ga2m-oy-3ra2m\/"},"modified":"2022-10-10T22:19:37","modified_gmt":"2022-10-10T19:19:37","slug":"ekua0915x-btr-60-ipx8s-ou-3ga2m-oy-3ra2m","status":"publish","type":"product","link":"https:\/\/www.radiomarket.fi\/en\/kohde\/ekua0915x-btr-60-ipx8s-ou-3ga2m-oy-3ra2m\/","title":{"rendered":"EKUA0915x BTR-60 IPX8S \u041e\u0423-3\u0413\u04102\u041c OU-3GA2M (OY-3rA2M) (EKUM)"},"content":{"rendered":"<p>BTR-60 vaunun infrapuna-ajovalo. Ulkokeh\u00e4n halkaisija 23 cm. <br \/><br \/>Rakenne on vesitiivis noin kymmenell\u00e4 ruuvilla, todenn\u00e4k\u00f6isesti t\u00e4ss\u00e4 on vain IR-suodinlasi.<\/p>","protected":false},"excerpt":{"rendered":"<p>BTR-60 vaunun infrapuna-ajovalo. Ulkokeh\u00e4n halkaisija 23 cm. Rakenne on vesitiivis noin kymmenell\u00e4 ruuvilla, todenn\u00e4k\u00f6isesti t\u00e4ss\u00e4 on vain IR-suodinlasi.<\/p>","protected":false},"featured_media":778,"template":"","meta":[],"_links":{"self":[{"href":"https:\/\/www.radiomarket.fi\/en\/wp-json\/wp\/v2\/product\/24616"}],"collection":[{"href":"https:\/\/www.radiomarket.fi\/en\/wp-json\/wp\/v2\/product"}],"about":[{"href":"https:\/\/www.radiomarket.fi\/en\/wp-json\/wp\/v2\/types\/product"}],"wp:featuredmedia":[{"embeddable":true,"href":"https:\/\/www.radiomarket.fi\/en\/wp-json\/wp\/v2\/media\/778"}],"wp:attachment":[{"href":"https:\/\/www.radiomarket.fi\/en\/wp-json\/wp\/v2\/media?parent=24616"}],"curies":[{"name":"wp","href":"https:\/\/api.w.org\/{rel}","templated":true}]}}