{"id":24617,"date":"2020-10-05T11:43:13","date_gmt":"2020-10-05T08:43:13","guid":{"rendered":"https:\/\/www.radiomarket.fi\/tuote\/ekua0915-btr-60-ipx8s-ou-3ga2m-oy-3ra2m\/"},"modified":"2022-01-31T18:13:22","modified_gmt":"2022-01-31T16:13:22","slug":"ekua0915-btr-60-ipx8s-ou-3ga2m-oy-3ra2m","status":"publish","type":"product","link":"https:\/\/www.radiomarket.fi\/en\/kohde\/ekua0915-btr-60-ipx8s-ou-3ga2m-oy-3ra2m\/","title":{"rendered":"EKUA0915 BTR-60 IPX8S \u041e\u0423-3\u0413\u04102\u041c OU-3GA2M (OY-3rA2M"},"content":{"rendered":"<p>Infrapunavalonheitin y\u00f6sodank\u00e4yntiin. Miehist\u00f6nkuljetusvaunusta BTR-60.<\/p>","protected":false},"excerpt":{"rendered":"<p>Infrapunavalonheitin y\u00f6sodank\u00e4yntiin. Miehist\u00f6nkuljetusvaunusta BTR-60.<\/p>","protected":false},"featured_media":777,"template":"","meta":[],"_links":{"self":[{"href":"https:\/\/www.radiomarket.fi\/en\/wp-json\/wp\/v2\/product\/24617"}],"collection":[{"href":"https:\/\/www.radiomarket.fi\/en\/wp-json\/wp\/v2\/product"}],"about":[{"href":"https:\/\/www.radiomarket.fi\/en\/wp-json\/wp\/v2\/types\/product"}],"wp:featuredmedia":[{"embeddable":true,"href":"https:\/\/www.radiomarket.fi\/en\/wp-json\/wp\/v2\/media\/777"}],"wp:attachment":[{"href":"https:\/\/www.radiomarket.fi\/en\/wp-json\/wp\/v2\/media?parent=24617"}],"curies":[{"name":"wp","href":"https:\/\/api.w.org\/{rel}","templated":true}]}}