{"id":24620,"date":"2020-10-05T11:43:15","date_gmt":"2020-10-05T08:43:15","guid":{"rendered":"https:\/\/www.radiomarket.fi\/tuote\/ekua0912-crown-crowncorder-ctr-5000\/"},"modified":"2021-03-02T13:54:16","modified_gmt":"2021-03-02T11:54:16","slug":"ekua0912-crown-crowncorder-ctr-5000","status":"publish","type":"product","link":"https:\/\/www.radiomarket.fi\/en\/kohde\/ekua0912-crown-crowncorder-ctr-5000\/","title":{"rendered":"EKUA0912 Crown Crowncorder CTR-5000"},"content":{"rendered":"Laitteessa my\u00f6s Kaukomarkkinat Oy:n numerotarra 23533. Virtajohto ja mikrofoni puuttuvat (kotelo tyhj\u00e4), Kohtuu siisti, mutta kannen reunassa nirhaumaa.","protected":false},"excerpt":{"rendered":"<p>Laitteessa my\u00f6s Kaukomarkkinat Oy:n numerotarra 23533. Virtajohto ja mikrofoni puuttuvat (kotelo tyhj\u00e4), Kohtuu siisti, mutta kannen reunassa nirhaumaa.<\/p>","protected":false},"featured_media":770,"template":"","meta":[],"_links":{"self":[{"href":"https:\/\/www.radiomarket.fi\/en\/wp-json\/wp\/v2\/product\/24620"}],"collection":[{"href":"https:\/\/www.radiomarket.fi\/en\/wp-json\/wp\/v2\/product"}],"about":[{"href":"https:\/\/www.radiomarket.fi\/en\/wp-json\/wp\/v2\/types\/product"}],"wp:featuredmedia":[{"embeddable":true,"href":"https:\/\/www.radiomarket.fi\/en\/wp-json\/wp\/v2\/media\/770"}],"wp:attachment":[{"href":"https:\/\/www.radiomarket.fi\/en\/wp-json\/wp\/v2\/media?parent=24620"}],"curies":[{"name":"wp","href":"https:\/\/api.w.org\/{rel}","templated":true}]}}