{"id":24644,"date":"2024-09-11T11:43:25","date_gmt":"2024-09-11T08:43:25","guid":{"rendered":"https:\/\/www.radiomarket.fi\/tuote\/ekua0614-airam-2r20-pp4-3v\/"},"modified":"2024-09-14T14:31:30","modified_gmt":"2024-09-14T11:31:30","slug":"ekua0614-airam-2r20-pp4-3v","status":"publish","type":"product","link":"https:\/\/www.radiomarket.fi\/en\/kohde\/ekua0614-airam-2r20-pp4-3v\/","title":{"rendered":"EKUA0614 Airam 2R20 Pp4-3V (EKUB)"},"content":{"rendered":"<p>Hinta yhdelt\u00e4 \u20ac15,90, punamusta v\u00e4rilt\u00e4\u00e4n.<\/p>","protected":false},"excerpt":{"rendered":"<p>Hinta yhdelt\u00e4 \u20ac15,90, punamusta v\u00e4rilt\u00e4\u00e4n.<\/p>","protected":false},"featured_media":731,"template":"","meta":[],"_links":{"self":[{"href":"https:\/\/www.radiomarket.fi\/en\/wp-json\/wp\/v2\/product\/24644"}],"collection":[{"href":"https:\/\/www.radiomarket.fi\/en\/wp-json\/wp\/v2\/product"}],"about":[{"href":"https:\/\/www.radiomarket.fi\/en\/wp-json\/wp\/v2\/types\/product"}],"wp:featuredmedia":[{"embeddable":true,"href":"https:\/\/www.radiomarket.fi\/en\/wp-json\/wp\/v2\/media\/731"}],"wp:attachment":[{"href":"https:\/\/www.radiomarket.fi\/en\/wp-json\/wp\/v2\/media?parent=24644"}],"curies":[{"name":"wp","href":"https:\/\/api.w.org\/{rel}","templated":true}]}}