{"id":24668,"date":"2020-10-05T11:43:34","date_gmt":"2020-10-05T08:43:34","guid":{"rendered":"https:\/\/www.radiomarket.fi\/tuote\/ekua0448-clarion-e-930\/"},"modified":"2022-02-16T14:24:03","modified_gmt":"2022-02-16T12:24:03","slug":"ekua0448-clarion-e-930","status":"publish","type":"product","link":"https:\/\/www.radiomarket.fi\/en\/kohde\/ekua0448-clarion-e-930\/","title":{"rendered":"EKUA0448 Clarion E 930 (EKUS)"},"content":{"rendered":"<p>FM: 87.5-108 Mhz MW: 531-1602 kHz, LW: 155-281 kHz. Kasettisoittimella, mukana kehysmuovi. Toimintaa ei ole pystytty tarkistamaan, mutta mahdollisesti poistettu k\u00e4yt\u00f6st\u00e4 toimivana. Tullessaan pakattu aikakautta tuoreemman CD-soittimellisen autoradion laatikkoon, joten mahdollisesti korvattu CD-ominaisuudella olevalla radiolla ja poistettu so. aikanaan k\u00e4yt\u00f6st\u00e4 toimivana.<\/p>","protected":false},"excerpt":{"rendered":"<p>FM: 87.5-108 Mhz MW: 531-1602 kHz, LW: 155-281 kHz. Kasettisoittimella, mukana kehysmuovi. Toimintaa ei ole pystytty tarkistamaan, mutta mahdollisesti poistettu k\u00e4yt\u00f6st\u00e4 toimivana. Tullessaan pakattu aikakautta tuoreemman CD-soittimellisen autoradion laatikkoon, joten mahdollisesti korvattu CD-ominaisuudella olevalla radiolla ja poistettu so. aikanaan k\u00e4yt\u00f6st\u00e4 toimivana.<\/p>","protected":false},"featured_media":681,"template":"","meta":[],"_links":{"self":[{"href":"https:\/\/www.radiomarket.fi\/en\/wp-json\/wp\/v2\/product\/24668"}],"collection":[{"href":"https:\/\/www.radiomarket.fi\/en\/wp-json\/wp\/v2\/product"}],"about":[{"href":"https:\/\/www.radiomarket.fi\/en\/wp-json\/wp\/v2\/types\/product"}],"wp:featuredmedia":[{"embeddable":true,"href":"https:\/\/www.radiomarket.fi\/en\/wp-json\/wp\/v2\/media\/681"}],"wp:attachment":[{"href":"https:\/\/www.radiomarket.fi\/en\/wp-json\/wp\/v2\/media?parent=24668"}],"curies":[{"name":"wp","href":"https:\/\/api.w.org\/{rel}","templated":true}]}}