{"id":24673,"date":"2020-10-05T11:43:36","date_gmt":"2020-10-05T08:43:36","guid":{"rendered":"https:\/\/www.radiomarket.fi\/tuote\/ekua0442-arena-t2400\/"},"modified":"2024-01-03T19:32:59","modified_gmt":"2024-01-03T17:32:59","slug":"ekua0442-arena-t2400","status":"publish","type":"product","link":"https:\/\/www.radiomarket.fi\/en\/kohde\/ekua0442-arena-t2400\/","title":{"rendered":"EKUA0442 Arena T2400"},"content":{"rendered":"Kotelo k\u00e4rsinyt, lohkeama takasein\u00e4ss\u00e4 ja murtuma p\u00e4\u00e4ll\u00e4. P\u00e4\u00e4lt\u00e4 puuttuu pala viilua. P\u00e4\u00e4dyss\u00e4 tarra. Nupin p\u00f6lykapseli puuttuu. 2X15W sinus.","protected":false},"excerpt":{"rendered":"<p>Kotelo k\u00e4rsinyt, lohkeama takasein\u00e4ss\u00e4 ja murtuma p\u00e4\u00e4ll\u00e4. P\u00e4\u00e4lt\u00e4 puuttuu pala viilua. P\u00e4\u00e4dyss\u00e4 tarra. Nupin p\u00f6lykapseli puuttuu. 2X15W sinus.<\/p>","protected":false},"featured_media":665,"template":"","meta":[],"_links":{"self":[{"href":"https:\/\/www.radiomarket.fi\/en\/wp-json\/wp\/v2\/product\/24673"}],"collection":[{"href":"https:\/\/www.radiomarket.fi\/en\/wp-json\/wp\/v2\/product"}],"about":[{"href":"https:\/\/www.radiomarket.fi\/en\/wp-json\/wp\/v2\/types\/product"}],"wp:featuredmedia":[{"embeddable":true,"href":"https:\/\/www.radiomarket.fi\/en\/wp-json\/wp\/v2\/media\/665"}],"wp:attachment":[{"href":"https:\/\/www.radiomarket.fi\/en\/wp-json\/wp\/v2\/media?parent=24673"}],"curies":[{"name":"wp","href":"https:\/\/api.w.org\/{rel}","templated":true}]}}