{"id":24674,"date":"2020-10-05T11:43:37","date_gmt":"2020-10-05T08:43:37","guid":{"rendered":"https:\/\/www.radiomarket.fi\/tuote\/ekua0441-tuntematon-antenni\/"},"modified":"2020-10-05T11:43:37","modified_gmt":"2020-10-05T08:43:37","slug":"ekua0441-tuntematon-antenni","status":"publish","type":"product","link":"https:\/\/www.radiomarket.fi\/en\/kohde\/ekua0441-tuntematon-antenni\/","title":{"rendered":"EKUA0441 Tuntematon Antenni"},"content":{"rendered":"UHF-VHF-antenni, p\u00f6yt\u00e4malli.","protected":false},"excerpt":{"rendered":"<p>UHF-VHF-antenni, p\u00f6yt\u00e4malli.<\/p>","protected":false},"featured_media":663,"template":"","meta":[],"_links":{"self":[{"href":"https:\/\/www.radiomarket.fi\/en\/wp-json\/wp\/v2\/product\/24674"}],"collection":[{"href":"https:\/\/www.radiomarket.fi\/en\/wp-json\/wp\/v2\/product"}],"about":[{"href":"https:\/\/www.radiomarket.fi\/en\/wp-json\/wp\/v2\/types\/product"}],"wp:featuredmedia":[{"embeddable":true,"href":"https:\/\/www.radiomarket.fi\/en\/wp-json\/wp\/v2\/media\/663"}],"wp:attachment":[{"href":"https:\/\/www.radiomarket.fi\/en\/wp-json\/wp\/v2\/media?parent=24674"}],"curies":[{"name":"wp","href":"https:\/\/api.w.org\/{rel}","templated":true}]}}