{"id":24675,"date":"2020-10-05T11:43:37","date_gmt":"2020-10-05T08:43:37","guid":{"rendered":"https:\/\/www.radiomarket.fi\/tuote\/ekua0440-schneider-cdp-7100\/"},"modified":"2024-03-19T12:01:56","modified_gmt":"2024-03-19T10:01:56","slug":"ekua0440-schneider-cdp-7100","status":"publish","type":"product","link":"https:\/\/www.radiomarket.fi\/en\/kohde\/ekua0440-schneider-cdp-7100\/","title":{"rendered":"EKUA0440 Schneider CDP-7100"},"content":{"rendered":"<p>P\u00f6yt\u00e4malli, p\u00e4\u00e4ll\u00e4 naarmuja, Ident-Nr. 42507.<\/p>","protected":false},"excerpt":{"rendered":"<p>P\u00f6yt\u00e4malli, p\u00e4\u00e4ll\u00e4 naarmuja, Ident-Nr. 42507.<\/p>","protected":false},"featured_media":661,"template":"","meta":[],"_links":{"self":[{"href":"https:\/\/www.radiomarket.fi\/en\/wp-json\/wp\/v2\/product\/24675"}],"collection":[{"href":"https:\/\/www.radiomarket.fi\/en\/wp-json\/wp\/v2\/product"}],"about":[{"href":"https:\/\/www.radiomarket.fi\/en\/wp-json\/wp\/v2\/types\/product"}],"wp:featuredmedia":[{"embeddable":true,"href":"https:\/\/www.radiomarket.fi\/en\/wp-json\/wp\/v2\/media\/661"}],"wp:attachment":[{"href":"https:\/\/www.radiomarket.fi\/en\/wp-json\/wp\/v2\/media?parent=24675"}],"curies":[{"name":"wp","href":"https:\/\/api.w.org\/{rel}","templated":true}]}}