{"id":24707,"date":"2020-10-05T11:43:49","date_gmt":"2020-10-05T08:43:49","guid":{"rendered":"https:\/\/www.radiomarket.fi\/tuote\/ekua0403-toa-pa-amplifier-ta-120rz\/"},"modified":"2020-10-05T11:43:49","modified_gmt":"2020-10-05T08:43:49","slug":"ekua0403-toa-pa-amplifier-ta-120rz","status":"publish","type":"product","link":"https:\/\/www.radiomarket.fi\/en\/kohde\/ekua0403-toa-pa-amplifier-ta-120rz\/","title":{"rendered":"EKUA0403 TOA PA Amplifier TA-120RZ"},"content":{"rendered":"Musta, muovikoteloinen, n\u00e4ytt\u00e4\u00e4 t\u00e4ydellielt\u00e4. Kauiutin 120W. Hyv\u00e4kuntoinen. KO-MA maahantuoja.","protected":false},"excerpt":{"rendered":"<p>Musta, muovikoteloinen, n\u00e4ytt\u00e4\u00e4 t\u00e4ydellielt\u00e4. Kauiutin 120W. Hyv\u00e4kuntoinen. KO-MA maahantuoja.<\/p>","protected":false},"featured_media":612,"template":"","meta":[],"_links":{"self":[{"href":"https:\/\/www.radiomarket.fi\/en\/wp-json\/wp\/v2\/product\/24707"}],"collection":[{"href":"https:\/\/www.radiomarket.fi\/en\/wp-json\/wp\/v2\/product"}],"about":[{"href":"https:\/\/www.radiomarket.fi\/en\/wp-json\/wp\/v2\/types\/product"}],"wp:featuredmedia":[{"embeddable":true,"href":"https:\/\/www.radiomarket.fi\/en\/wp-json\/wp\/v2\/media\/612"}],"wp:attachment":[{"href":"https:\/\/www.radiomarket.fi\/en\/wp-json\/wp\/v2\/media?parent=24707"}],"curies":[{"name":"wp","href":"https:\/\/api.w.org\/{rel}","templated":true}]}}