{"id":24708,"date":"2020-10-05T11:43:49","date_gmt":"2020-10-05T08:43:49","guid":{"rendered":"https:\/\/www.radiomarket.fi\/tuote\/ekua0327-siemens-tuntematon-laite\/"},"modified":"2020-10-05T11:43:49","modified_gmt":"2020-10-05T08:43:49","slug":"ekua0327-siemens-tuntematon-laite","status":"publish","type":"product","link":"https:\/\/www.radiomarket.fi\/en\/kohde\/ekua0327-siemens-tuntematon-laite\/","title":{"rendered":"EKUA0327 Siemens Tuntematon laite"},"content":{"rendered":"Vaalea metallikotelo, edess\u00e4 luukku, johon mukana avaimet, takana kiskot sein\u00e4\u00e4n kiinnityst\u00e4 varten.","protected":false},"excerpt":{"rendered":"<p>Vaalea metallikotelo, edess\u00e4 luukku, johon mukana avaimet, takana kiskot sein\u00e4\u00e4n kiinnityst\u00e4 varten.<\/p>","protected":false},"featured_media":606,"template":"","meta":[],"_links":{"self":[{"href":"https:\/\/www.radiomarket.fi\/en\/wp-json\/wp\/v2\/product\/24708"}],"collection":[{"href":"https:\/\/www.radiomarket.fi\/en\/wp-json\/wp\/v2\/product"}],"about":[{"href":"https:\/\/www.radiomarket.fi\/en\/wp-json\/wp\/v2\/types\/product"}],"wp:featuredmedia":[{"embeddable":true,"href":"https:\/\/www.radiomarket.fi\/en\/wp-json\/wp\/v2\/media\/606"}],"wp:attachment":[{"href":"https:\/\/www.radiomarket.fi\/en\/wp-json\/wp\/v2\/media?parent=24708"}],"curies":[{"name":"wp","href":"https:\/\/api.w.org\/{rel}","templated":true}]}}