{"id":24710,"date":"2020-10-05T11:43:50","date_gmt":"2020-10-05T08:43:50","guid":{"rendered":"https:\/\/www.radiomarket.fi\/tuote\/ekua0325-national-panasonic-cassette-stereo-rs-263usd\/"},"modified":"2023-12-31T23:57:41","modified_gmt":"2023-12-31T21:57:41","slug":"ekua0325-national-panasonic-cassette-stereo-rs-263usd","status":"publish","type":"product","link":"https:\/\/www.radiomarket.fi\/en\/kohde\/ekua0325-national-panasonic-cassette-stereo-rs-263usd\/","title":{"rendered":"EKUA0325 National Panasonic Cassette Stereo RS-263USD"},"content":{"rendered":"<p>Kotelo metallia, hopeaa, tummanruskeaa, p\u00e4\u00e4ll\u00e4 puuj\u00e4ljitelm\u00e4kuvio. OK. Vastaava saattaa olla esim. Technics-merkill\u00e4. Suomessa Panasonicia myytiin 1970-luvulla tuotemerkeill\u00e4 National ja my\u00f6hemmin National Panasonic.<\/p>","protected":false},"excerpt":{"rendered":"<p>Kotelo metallia, hopeaa, tummanruskeaa, p\u00e4\u00e4ll\u00e4 puuj\u00e4ljitelm\u00e4kuvio. OK. Vastaava saattaa olla esim. Technics-merkill\u00e4. Suomessa Panasonicia myytiin 1970-luvulla tuotemerkeill\u00e4 National ja my\u00f6hemmin National Panasonic.<\/p>","protected":false},"featured_media":599,"template":"","meta":[],"_links":{"self":[{"href":"https:\/\/www.radiomarket.fi\/en\/wp-json\/wp\/v2\/product\/24710"}],"collection":[{"href":"https:\/\/www.radiomarket.fi\/en\/wp-json\/wp\/v2\/product"}],"about":[{"href":"https:\/\/www.radiomarket.fi\/en\/wp-json\/wp\/v2\/types\/product"}],"wp:featuredmedia":[{"embeddable":true,"href":"https:\/\/www.radiomarket.fi\/en\/wp-json\/wp\/v2\/media\/599"}],"wp:attachment":[{"href":"https:\/\/www.radiomarket.fi\/en\/wp-json\/wp\/v2\/media?parent=24710"}],"curies":[{"name":"wp","href":"https:\/\/api.w.org\/{rel}","templated":true}]}}