{"id":24716,"date":"2020-10-05T11:43:53","date_gmt":"2020-10-05T08:43:53","guid":{"rendered":"https:\/\/www.radiomarket.fi\/tuote\/ekua0304-ericsson-ericsson-lm\/"},"modified":"2023-06-08T15:32:41","modified_gmt":"2023-06-08T12:32:41","slug":"ekua0304-ericsson-ericsson-lm","status":"publish","type":"product","link":"https:\/\/www.radiomarket.fi\/en\/kohde\/ekua0304-ericsson-ericsson-lm\/","title":{"rendered":"EKUA0304 Ericsson Ericsson LM"},"content":{"rendered":"Musta, bakeliittia. Hyv\u00e4kuntoinen, ehj\u00e4, johto katkaistu.","protected":false},"excerpt":{"rendered":"<p>Musta, bakeliittia. Hyv\u00e4kuntoinen, ehj\u00e4, johto katkaistu.<\/p>","protected":false},"featured_media":576,"template":"","meta":[],"_links":{"self":[{"href":"https:\/\/www.radiomarket.fi\/en\/wp-json\/wp\/v2\/product\/24716"}],"collection":[{"href":"https:\/\/www.radiomarket.fi\/en\/wp-json\/wp\/v2\/product"}],"about":[{"href":"https:\/\/www.radiomarket.fi\/en\/wp-json\/wp\/v2\/types\/product"}],"wp:featuredmedia":[{"embeddable":true,"href":"https:\/\/www.radiomarket.fi\/en\/wp-json\/wp\/v2\/media\/576"}],"wp:attachment":[{"href":"https:\/\/www.radiomarket.fi\/en\/wp-json\/wp\/v2\/media?parent=24716"}],"curies":[{"name":"wp","href":"https:\/\/api.w.org\/{rel}","templated":true}]}}