{"id":24719,"date":"2020-10-05T11:43:55","date_gmt":"2020-10-05T08:43:55","guid":{"rendered":"https:\/\/www.radiomarket.fi\/tuote\/ekua0291-taurus-taurus-fc-8-sf-fc-8-sf\/"},"modified":"2020-11-21T18:45:47","modified_gmt":"2020-11-21T16:45:47","slug":"ekua0291-taurus-taurus-fc-8-sf-fc-8-sf","status":"publish","type":"product","link":"https:\/\/www.radiomarket.fi\/en\/kohde\/ekua0291-taurus-taurus-fc-8-sf-fc-8-sf\/","title":{"rendered":"EKUA0291 Taurus FC-8 SF"},"content":{"rendered":"Harmaa, musta keskelt\u00e4. Hyv\u00e4kuntoinen.","protected":false},"excerpt":{"rendered":"<p>Harmaa, musta keskelt\u00e4. Hyv\u00e4kuntoinen.<\/p>","protected":false},"featured_media":569,"template":"","meta":[],"_links":{"self":[{"href":"https:\/\/www.radiomarket.fi\/en\/wp-json\/wp\/v2\/product\/24719"}],"collection":[{"href":"https:\/\/www.radiomarket.fi\/en\/wp-json\/wp\/v2\/product"}],"about":[{"href":"https:\/\/www.radiomarket.fi\/en\/wp-json\/wp\/v2\/types\/product"}],"wp:featuredmedia":[{"embeddable":true,"href":"https:\/\/www.radiomarket.fi\/en\/wp-json\/wp\/v2\/media\/569"}],"wp:attachment":[{"href":"https:\/\/www.radiomarket.fi\/en\/wp-json\/wp\/v2\/media?parent=24719"}],"curies":[{"name":"wp","href":"https:\/\/api.w.org\/{rel}","templated":true}]}}