{"id":24728,"date":"2020-10-05T11:44:00","date_gmt":"2020-10-05T08:44:00","guid":{"rendered":"https:\/\/www.radiomarket.fi\/tuote\/ekua0277-teli-schema-00-29860-09\/"},"modified":"2020-11-21T18:37:25","modified_gmt":"2020-11-21T16:37:25","slug":"ekua0277-teli-schema-00-29860-09","status":"publish","type":"product","link":"https:\/\/www.radiomarket.fi\/en\/kohde\/ekua0277-teli-schema-00-29860-09\/","title":{"rendered":"EKUA0277 Teli Schema 00-29860\/09"},"content":{"rendered":"Vaalea. Eritt\u00e4in hyv\u00e4kuntoinen.","protected":false},"excerpt":{"rendered":"<p>Vaalea. Eritt\u00e4in hyv\u00e4kuntoinen.<\/p>","protected":false},"featured_media":0,"template":"","meta":[],"_links":{"self":[{"href":"https:\/\/www.radiomarket.fi\/en\/wp-json\/wp\/v2\/product\/24728"}],"collection":[{"href":"https:\/\/www.radiomarket.fi\/en\/wp-json\/wp\/v2\/product"}],"about":[{"href":"https:\/\/www.radiomarket.fi\/en\/wp-json\/wp\/v2\/types\/product"}],"wp:attachment":[{"href":"https:\/\/www.radiomarket.fi\/en\/wp-json\/wp\/v2\/media?parent=24728"}],"curies":[{"name":"wp","href":"https:\/\/api.w.org\/{rel}","templated":true}]}}