{"id":24732,"date":"2020-10-05T11:44:03","date_gmt":"2020-10-05T08:44:03","guid":{"rendered":"https:\/\/www.radiomarket.fi\/tuote\/ekua0271-celeston-sinfonia\/"},"modified":"2023-06-06T17:13:04","modified_gmt":"2023-06-06T14:13:04","slug":"ekua0271-celeston-sinfonia","status":"publish","type":"product","link":"https:\/\/www.radiomarket.fi\/en\/kohde\/ekua0271-celeston-sinfonia\/","title":{"rendered":"EKUA0271 Celeston Sinfonia"},"content":{"rendered":"<p>Pohjalevy puuttuu, verkkojohto rikkin\u00e4inen, p\u00e4\u00e4tykaiuttimissa pintaruostetta. P\u00e4\u00e4tyelementit Goodmans ja etuelementit Peerless. Logo puuttuu. Takalevyss\u00e4 kauneusvirhe.<\/p>","protected":false},"excerpt":{"rendered":"<p>Pohjalevy puuttuu, verkkojohto rikkin\u00e4inen, p\u00e4\u00e4tykaiuttimissa pintaruostetta. P\u00e4\u00e4tyelementit Goodmans ja etuelementit Peerless. Logo puuttuu. Takalevyss\u00e4 kauneusvirhe.<\/p>","protected":false},"featured_media":3199,"template":"","meta":[],"_links":{"self":[{"href":"https:\/\/www.radiomarket.fi\/en\/wp-json\/wp\/v2\/product\/24732"}],"collection":[{"href":"https:\/\/www.radiomarket.fi\/en\/wp-json\/wp\/v2\/product"}],"about":[{"href":"https:\/\/www.radiomarket.fi\/en\/wp-json\/wp\/v2\/types\/product"}],"wp:featuredmedia":[{"embeddable":true,"href":"https:\/\/www.radiomarket.fi\/en\/wp-json\/wp\/v2\/media\/3199"}],"wp:attachment":[{"href":"https:\/\/www.radiomarket.fi\/en\/wp-json\/wp\/v2\/media?parent=24732"}],"curies":[{"name":"wp","href":"https:\/\/api.w.org\/{rel}","templated":true}]}}