{"id":24735,"date":"2020-10-05T11:44:06","date_gmt":"2020-10-05T08:44:06","guid":{"rendered":"https:\/\/www.radiomarket.fi\/tuote\/ekua0263-nokia-nokia-6150-nms-1ny\/"},"modified":"2020-10-05T11:44:06","modified_gmt":"2020-10-05T08:44:06","slug":"ekua0263-nokia-nokia-6150-nms-1ny","status":"publish","type":"product","link":"https:\/\/www.radiomarket.fi\/en\/kohde\/ekua0263-nokia-nokia-6150-nms-1ny\/","title":{"rendered":"EKUA0263 Nokia Nokia 6150 NMS-1NY"},"content":{"rendered":"Musta\/tummansininen. N\u00e4ytt\u00f6 k\u00e4r\u00e4ht\u00e4nyt, n\u00e4pp\u00e4imist\u00f6 priima. Takaa naarmuilla.","protected":false},"excerpt":{"rendered":"<p>Musta\/tummansininen. N\u00e4ytt\u00f6 k\u00e4r\u00e4ht\u00e4nyt, n\u00e4pp\u00e4imist\u00f6 priima. Takaa naarmuilla.<\/p>","protected":false},"featured_media":515,"template":"","meta":[],"_links":{"self":[{"href":"https:\/\/www.radiomarket.fi\/en\/wp-json\/wp\/v2\/product\/24735"}],"collection":[{"href":"https:\/\/www.radiomarket.fi\/en\/wp-json\/wp\/v2\/product"}],"about":[{"href":"https:\/\/www.radiomarket.fi\/en\/wp-json\/wp\/v2\/types\/product"}],"wp:featuredmedia":[{"embeddable":true,"href":"https:\/\/www.radiomarket.fi\/en\/wp-json\/wp\/v2\/media\/515"}],"wp:attachment":[{"href":"https:\/\/www.radiomarket.fi\/en\/wp-json\/wp\/v2\/media?parent=24735"}],"curies":[{"name":"wp","href":"https:\/\/api.w.org\/{rel}","templated":true}]}}