{"id":24736,"date":"2020-10-05T11:44:06","date_gmt":"2020-10-05T08:44:06","guid":{"rendered":"https:\/\/www.radiomarket.fi\/tuote\/ekua0260-toa-pa-amplifier-ta-403e\/"},"modified":"2024-02-21T17:48:01","modified_gmt":"2024-02-21T15:48:01","slug":"ekua0260-toa-pa-amplifier-ta-403e","status":"publish","type":"product","link":"https:\/\/www.radiomarket.fi\/en\/kohde\/ekua0260-toa-pa-amplifier-ta-403e\/","title":{"rendered":"EKUA0260 TOA PA Amplifier TA-403E (EKUS)"},"content":{"rendered":"<p>Musta, harmaa, metalli\/muovikotelo. Nuppeja puuttuu. N\u00e4ytt\u00e4\u00e4 hyv\u00e4lt\u00e4. Laitteen kuorista puuttuu muutama ruuvi mik\u00e4 viittaa siihen, ett\u00e4 laitetta on auottu useamman kerran. Kokonaisena tai varaosina.<\/p>","protected":false},"excerpt":{"rendered":"<p>Laitteen kuorista puuttuu muutama ruuvi mik\u00e4 viittaa siihen, ett\u00e4 laitetta on auottu useamman kerran.<\/p>","protected":false},"featured_media":513,"template":"","meta":[],"_links":{"self":[{"href":"https:\/\/www.radiomarket.fi\/en\/wp-json\/wp\/v2\/product\/24736"}],"collection":[{"href":"https:\/\/www.radiomarket.fi\/en\/wp-json\/wp\/v2\/product"}],"about":[{"href":"https:\/\/www.radiomarket.fi\/en\/wp-json\/wp\/v2\/types\/product"}],"wp:featuredmedia":[{"embeddable":true,"href":"https:\/\/www.radiomarket.fi\/en\/wp-json\/wp\/v2\/media\/513"}],"wp:attachment":[{"href":"https:\/\/www.radiomarket.fi\/en\/wp-json\/wp\/v2\/media?parent=24736"}],"curies":[{"name":"wp","href":"https:\/\/api.w.org\/{rel}","templated":true}]}}