{"id":24740,"date":"2020-10-05T11:44:08","date_gmt":"2020-10-05T08:44:08","guid":{"rendered":"https:\/\/www.radiomarket.fi\/tuote\/ekua0247-philips-putkiradio\/"},"modified":"2023-02-08T15:46:57","modified_gmt":"2023-02-08T13:46:57","slug":"ekua0247-philips-putkiradio","status":"publish","type":"product","link":"https:\/\/www.radiomarket.fi\/en\/kohde\/ekua0247-philips-putkiradio\/","title":{"rendered":"EKUA0247 Philips B4SF03A(?)"},"content":{"rendered":"<p>Kaiutin ja kangas poissa, ei takalevy\u00e4. J\u00e4ljell\u00e4 asteikko ja kotelo.<\/p>","protected":false},"excerpt":{"rendered":"<p>Kaiutin ja kangas poissa, ei takalevy\u00e4. J\u00e4ljell\u00e4 asteikko ja kotelo.<\/p>","protected":false},"featured_media":502,"template":"","meta":[],"_links":{"self":[{"href":"https:\/\/www.radiomarket.fi\/en\/wp-json\/wp\/v2\/product\/24740"}],"collection":[{"href":"https:\/\/www.radiomarket.fi\/en\/wp-json\/wp\/v2\/product"}],"about":[{"href":"https:\/\/www.radiomarket.fi\/en\/wp-json\/wp\/v2\/types\/product"}],"wp:featuredmedia":[{"embeddable":true,"href":"https:\/\/www.radiomarket.fi\/en\/wp-json\/wp\/v2\/media\/502"}],"wp:attachment":[{"href":"https:\/\/www.radiomarket.fi\/en\/wp-json\/wp\/v2\/media?parent=24740"}],"curies":[{"name":"wp","href":"https:\/\/api.w.org\/{rel}","templated":true}]}}