{"id":24744,"date":"2020-10-05T11:44:09","date_gmt":"2020-10-05T08:44:09","guid":{"rendered":"https:\/\/www.radiomarket.fi\/tuote\/ekua0235-ericsson-at-puhelin\/"},"modified":"2020-10-05T11:44:09","modified_gmt":"2020-10-05T08:44:09","slug":"ekua0235-ericsson-at-puhelin","status":"publish","type":"product","link":"https:\/\/www.radiomarket.fi\/en\/kohde\/ekua0235-ericsson-at-puhelin\/","title":{"rendered":"EKUA0235 Ericsson AT-puhelin"},"content":{"rendered":"Vanha, punaruskea, painava, p\u00f6yt\u00e4puhelin. Luurista puuttuu osia.","protected":false},"excerpt":{"rendered":"<p>Vanha, punaruskea, painava, p\u00f6yt\u00e4puhelin. Luurista puuttuu osia.<\/p>","protected":false},"featured_media":491,"template":"","meta":[],"_links":{"self":[{"href":"https:\/\/www.radiomarket.fi\/en\/wp-json\/wp\/v2\/product\/24744"}],"collection":[{"href":"https:\/\/www.radiomarket.fi\/en\/wp-json\/wp\/v2\/product"}],"about":[{"href":"https:\/\/www.radiomarket.fi\/en\/wp-json\/wp\/v2\/types\/product"}],"wp:featuredmedia":[{"embeddable":true,"href":"https:\/\/www.radiomarket.fi\/en\/wp-json\/wp\/v2\/media\/491"}],"wp:attachment":[{"href":"https:\/\/www.radiomarket.fi\/en\/wp-json\/wp\/v2\/media?parent=24744"}],"curies":[{"name":"wp","href":"https:\/\/api.w.org\/{rel}","templated":true}]}}