{"id":24745,"date":"2020-10-05T11:44:10","date_gmt":"2020-10-05T08:44:10","guid":{"rendered":"https:\/\/www.radiomarket.fi\/tuote\/ekua0231-nokia-nokia-3110-nhe-8\/"},"modified":"2021-09-22T14:40:13","modified_gmt":"2021-09-22T11:40:13","slug":"ekua0231-nokia-nokia-3110-nhe-8","status":"publish","type":"product","link":"https:\/\/www.radiomarket.fi\/en\/kohde\/ekua0231-nokia-nokia-3110-nhe-8\/","title":{"rendered":"EKUA0231 Nokia 3110 NHE-8 (EKUM)"},"content":{"rendered":"<p>Musta. P\u00e4\u00e4llep\u00e4in OK. Kuvassa n\u00e4kyy my\u00f6s toinen puhelin (EKUA0228) joka ei kuulu kauppaan.<\/p>","protected":false},"excerpt":{"rendered":"<p>Musta. P\u00e4\u00e4llep\u00e4in OK. Kuvassa n\u00e4kyy my\u00f6s toinen puhelin (EKUA0228) joka ei kuulu kauppaan.<\/p>","protected":false},"featured_media":486,"template":"","meta":[],"_links":{"self":[{"href":"https:\/\/www.radiomarket.fi\/en\/wp-json\/wp\/v2\/product\/24745"}],"collection":[{"href":"https:\/\/www.radiomarket.fi\/en\/wp-json\/wp\/v2\/product"}],"about":[{"href":"https:\/\/www.radiomarket.fi\/en\/wp-json\/wp\/v2\/types\/product"}],"wp:featuredmedia":[{"embeddable":true,"href":"https:\/\/www.radiomarket.fi\/en\/wp-json\/wp\/v2\/media\/486"}],"wp:attachment":[{"href":"https:\/\/www.radiomarket.fi\/en\/wp-json\/wp\/v2\/media?parent=24745"}],"curies":[{"name":"wp","href":"https:\/\/api.w.org\/{rel}","templated":true}]}}