{"id":24760,"date":"2020-10-05T11:44:17","date_gmt":"2020-10-05T08:44:17","guid":{"rendered":"https:\/\/www.radiomarket.fi\/tuote\/ekua0216-erifonet-erifonet-33\/"},"modified":"2020-10-05T11:44:17","modified_gmt":"2020-10-05T08:44:17","slug":"ekua0216-erifonet-erifonet-33","status":"publish","type":"product","link":"https:\/\/www.radiomarket.fi\/en\/kohde\/ekua0216-erifonet-erifonet-33\/","title":{"rendered":"EKUA0216 Erifonet erifonet 33"},"content":{"rendered":"Valkoinen, isot n\u00e4pp\u00e4imet, isot numerot.","protected":false},"excerpt":{"rendered":"<p>Valkoinen, isot n\u00e4pp\u00e4imet, isot numerot.<\/p>","protected":false},"featured_media":456,"template":"","meta":[],"_links":{"self":[{"href":"https:\/\/www.radiomarket.fi\/en\/wp-json\/wp\/v2\/product\/24760"}],"collection":[{"href":"https:\/\/www.radiomarket.fi\/en\/wp-json\/wp\/v2\/product"}],"about":[{"href":"https:\/\/www.radiomarket.fi\/en\/wp-json\/wp\/v2\/types\/product"}],"wp:featuredmedia":[{"embeddable":true,"href":"https:\/\/www.radiomarket.fi\/en\/wp-json\/wp\/v2\/media\/456"}],"wp:attachment":[{"href":"https:\/\/www.radiomarket.fi\/en\/wp-json\/wp\/v2\/media?parent=24760"}],"curies":[{"name":"wp","href":"https:\/\/api.w.org\/{rel}","templated":true}]}}