{"id":24768,"date":"2020-10-05T11:44:20","date_gmt":"2020-10-05T08:44:20","guid":{"rendered":"https:\/\/www.radiomarket.fi\/tuote\/ekua0206-tuntematon-sekalaista-tavaraa\/"},"modified":"2020-12-17T22:02:54","modified_gmt":"2020-12-17T20:02:54","slug":"ekua0206-sekalaista-tavaraa","status":"publish","type":"product","link":"https:\/\/www.radiomarket.fi\/en\/kohde\/ekua0206-sekalaista-tavaraa\/","title":{"rendered":"EKUA0206 Sekalaista tavaraa"},"content":{"rendered":"Maitolaatikollinen sekalaista tavaraa. Koneistoja, osia, ja ven\u00e4l\u00e4isi\u00e4 putkia. Ula-lis\u00e4laite otettu pois 20130207","protected":false},"excerpt":{"rendered":"<p>Maitolaatikollinen sekalaista tavaraa. Koneistoja, osia, ja ven\u00e4l\u00e4isi\u00e4 putkia. Ula-lis\u00e4laite otettu pois 20130207<\/p>","protected":false},"featured_media":441,"template":"","meta":[],"_links":{"self":[{"href":"https:\/\/www.radiomarket.fi\/en\/wp-json\/wp\/v2\/product\/24768"}],"collection":[{"href":"https:\/\/www.radiomarket.fi\/en\/wp-json\/wp\/v2\/product"}],"about":[{"href":"https:\/\/www.radiomarket.fi\/en\/wp-json\/wp\/v2\/types\/product"}],"wp:featuredmedia":[{"embeddable":true,"href":"https:\/\/www.radiomarket.fi\/en\/wp-json\/wp\/v2\/media\/441"}],"wp:attachment":[{"href":"https:\/\/www.radiomarket.fi\/en\/wp-json\/wp\/v2\/media?parent=24768"}],"curies":[{"name":"wp","href":"https:\/\/api.w.org\/{rel}","templated":true}]}}