{"id":24769,"date":"2020-10-05T11:44:21","date_gmt":"2020-10-05T08:44:21","guid":{"rendered":"https:\/\/www.radiomarket.fi\/tuote\/ekua0204-philips-gm2882\/"},"modified":"2022-08-12T13:41:24","modified_gmt":"2022-08-12T10:41:24","slug":"ekua0204-philips-gm2882","status":"publish","type":"product","link":"https:\/\/www.radiomarket.fi\/en\/kohde\/ekua0204-philips-gm2882\/","title":{"rendered":"EKUA0204 Philips GM2882 (EKUS)"},"content":{"rendered":"<p>Metallikotelo, musta, muovinen kahva (ei alkuper\u00e4inen). P\u00e4\u00e4llisin puolin melko huonokuntoinen, ei tutkittu tarkemmin.<\/p>","protected":false},"excerpt":{"rendered":"<p>Metallikotelo, musta, muovinen kahva (ei alkuper\u00e4inen). P\u00e4\u00e4llisin puolin melko huonokuntoinen, ei tutkittu tarkemmin.<\/p>","protected":false},"featured_media":439,"template":"","meta":[],"_links":{"self":[{"href":"https:\/\/www.radiomarket.fi\/en\/wp-json\/wp\/v2\/product\/24769"}],"collection":[{"href":"https:\/\/www.radiomarket.fi\/en\/wp-json\/wp\/v2\/product"}],"about":[{"href":"https:\/\/www.radiomarket.fi\/en\/wp-json\/wp\/v2\/types\/product"}],"wp:featuredmedia":[{"embeddable":true,"href":"https:\/\/www.radiomarket.fi\/en\/wp-json\/wp\/v2\/media\/439"}],"wp:attachment":[{"href":"https:\/\/www.radiomarket.fi\/en\/wp-json\/wp\/v2\/media?parent=24769"}],"curies":[{"name":"wp","href":"https:\/\/api.w.org\/{rel}","templated":true}]}}