{"id":24774,"date":"2020-10-05T11:44:23","date_gmt":"2020-10-05T08:44:23","guid":{"rendered":"https:\/\/www.radiomarket.fi\/tuote\/ekua0197-philips-22rh701-63t\/"},"modified":"2022-08-19T16:10:35","modified_gmt":"2022-08-19T13:10:35","slug":"ekua0197-philips-22rh701-63t","status":"publish","type":"product","link":"https:\/\/www.radiomarket.fi\/en\/kohde\/ekua0197-philips-22rh701-63t\/","title":{"rendered":"EKUA0197 Philips 22RH701\/63T (EKUM)"},"content":{"rendered":"<p>Varsin hyv\u00e4pintainen ja hyv\u00e4kuntoinen ainakin p\u00e4\u00e4llep\u00e4in. <br \/><br \/>Kotimainen valmiste.<br \/><br \/>Ei tutkittu tarkemmin.<\/p>","protected":false},"excerpt":{"rendered":"<p>Varsin hyv\u00e4pintainen ja hyv\u00e4kuntoinen ainakin p\u00e4\u00e4llep\u00e4in. Kotimainen valmiste.Ei tutkittu tarkemmin.<\/p>","protected":false},"featured_media":424,"template":"","meta":[],"_links":{"self":[{"href":"https:\/\/www.radiomarket.fi\/en\/wp-json\/wp\/v2\/product\/24774"}],"collection":[{"href":"https:\/\/www.radiomarket.fi\/en\/wp-json\/wp\/v2\/product"}],"about":[{"href":"https:\/\/www.radiomarket.fi\/en\/wp-json\/wp\/v2\/types\/product"}],"wp:featuredmedia":[{"embeddable":true,"href":"https:\/\/www.radiomarket.fi\/en\/wp-json\/wp\/v2\/media\/424"}],"wp:attachment":[{"href":"https:\/\/www.radiomarket.fi\/en\/wp-json\/wp\/v2\/media?parent=24774"}],"curies":[{"name":"wp","href":"https:\/\/api.w.org\/{rel}","templated":true}]}}