{"id":24779,"date":"2020-10-05T11:44:25","date_gmt":"2020-10-05T08:44:25","guid":{"rendered":"https:\/\/www.radiomarket.fi\/tuote\/ekua0185-philips-lfh-0097-01\/"},"modified":"2021-04-15T15:34:38","modified_gmt":"2021-04-15T12:34:38","slug":"ekua0185-philips-lfh-0097-01","status":"publish","type":"product","link":"https:\/\/www.radiomarket.fi\/en\/kohde\/ekua0185-philips-lfh-0097-01\/","title":{"rendered":"EKUA0185 Philips LFH 0097\/01"},"content":{"rendered":"<p>Hyv\u00e4kuntoisia. Olleet sairaalak\u00e4yt\u00f6ss\u00e4. Myyd\u00e4\u00e4n ilman mikrofonia. Testataan tarvittaessa.\u00a0<\/p>","protected":false},"excerpt":{"rendered":"<p>Hyv\u00e4kuntoisia. Olleet sairaalak\u00e4yt\u00f6ss\u00e4. Myyd\u00e4\u00e4n ilman mikrofonia. Testataan tarvittaessa.\u00a0<\/p>","protected":false},"featured_media":413,"template":"","meta":[],"_links":{"self":[{"href":"https:\/\/www.radiomarket.fi\/en\/wp-json\/wp\/v2\/product\/24779"}],"collection":[{"href":"https:\/\/www.radiomarket.fi\/en\/wp-json\/wp\/v2\/product"}],"about":[{"href":"https:\/\/www.radiomarket.fi\/en\/wp-json\/wp\/v2\/types\/product"}],"wp:featuredmedia":[{"embeddable":true,"href":"https:\/\/www.radiomarket.fi\/en\/wp-json\/wp\/v2\/media\/413"}],"wp:attachment":[{"href":"https:\/\/www.radiomarket.fi\/en\/wp-json\/wp\/v2\/media?parent=24779"}],"curies":[{"name":"wp","href":"https:\/\/api.w.org\/{rel}","templated":true}]}}