{"id":24786,"date":"2020-10-05T11:44:28","date_gmt":"2020-10-05T08:44:28","guid":{"rendered":"https:\/\/www.radiomarket.fi\/tuote\/ekua0172-eia-triumf\/"},"modified":"2022-10-22T21:43:56","modified_gmt":"2022-10-22T18:43:56","slug":"ekua0172-eia-triumf","status":"publish","type":"product","link":"https:\/\/www.radiomarket.fi\/en\/kohde\/ekua0172-eia-triumf\/","title":{"rendered":"EKUA0172 EIA Triumf (EKUM)"},"content":{"rendered":"Keskikokoinen, ruskea, edess\u00e4 2 kpl isoa py\u00f6ritett\u00e4v\u00e4\u00e4 nuppia, kaksi kangasta p\u00e4\u00e4llekk\u00e4in. Takalevy puuttuu.","protected":false},"excerpt":{"rendered":"<p>Keskikokoinen, ruskea, edess\u00e4 2 kpl isoa py\u00f6ritett\u00e4v\u00e4\u00e4 nuppia, kaksi kangasta p\u00e4\u00e4llekk\u00e4in. Takalevy puuttuu.<\/p>","protected":false},"featured_media":372,"template":"","meta":[],"_links":{"self":[{"href":"https:\/\/www.radiomarket.fi\/en\/wp-json\/wp\/v2\/product\/24786"}],"collection":[{"href":"https:\/\/www.radiomarket.fi\/en\/wp-json\/wp\/v2\/product"}],"about":[{"href":"https:\/\/www.radiomarket.fi\/en\/wp-json\/wp\/v2\/types\/product"}],"wp:featuredmedia":[{"embeddable":true,"href":"https:\/\/www.radiomarket.fi\/en\/wp-json\/wp\/v2\/media\/372"}],"wp:attachment":[{"href":"https:\/\/www.radiomarket.fi\/en\/wp-json\/wp\/v2\/media?parent=24786"}],"curies":[{"name":"wp","href":"https:\/\/api.w.org\/{rel}","templated":true}]}}