{"id":24790,"date":"2020-10-05T11:44:30","date_gmt":"2020-10-05T08:44:30","guid":{"rendered":"https:\/\/www.radiomarket.fi\/tuote\/ekua0164-aga-laji-2061\/"},"modified":"2025-12-15T13:47:25","modified_gmt":"2025-12-15T11:47:25","slug":"ekua0164-aga-laji-2061","status":"publish","type":"product","link":"https:\/\/www.radiomarket.fi\/en\/kohde\/ekua0164-aga-laji-2061\/","title":{"rendered":"EKUA0164 Aga Laji 2061 (EKUM)"},"content":{"rendered":"<p>Kotelo hyv\u00e4. Yksi nuppi puuttuu, asteikossa hyvin pient\u00e4 vikaa. Jotain roisketta toisessa p\u00e4\u00e4dyss\u00e4, ei koetettu puhdistaa. Koottu Suomessa, vaikka merkki onkin ruotsalainen. Takalevy irti, mutta tallessa.<\/p>","protected":false},"excerpt":{"rendered":"<p>Kotelo hyv\u00e4. Yksi nuppi puuttuu, asteikossa hyvin pient\u00e4 vikaa. Jotain roisketta toisessa p\u00e4\u00e4dyss\u00e4, ei koetettu puhdistaa. Koottu Suomessa, vaikka merkki onkin ruotsalainen. Takalevy irti, mutta tallessa.<\/p>","protected":false},"featured_media":356,"template":"","meta":[],"_links":{"self":[{"href":"https:\/\/www.radiomarket.fi\/en\/wp-json\/wp\/v2\/product\/24790"}],"collection":[{"href":"https:\/\/www.radiomarket.fi\/en\/wp-json\/wp\/v2\/product"}],"about":[{"href":"https:\/\/www.radiomarket.fi\/en\/wp-json\/wp\/v2\/types\/product"}],"wp:featuredmedia":[{"embeddable":true,"href":"https:\/\/www.radiomarket.fi\/en\/wp-json\/wp\/v2\/media\/356"}],"wp:attachment":[{"href":"https:\/\/www.radiomarket.fi\/en\/wp-json\/wp\/v2\/media?parent=24790"}],"curies":[{"name":"wp","href":"https:\/\/api.w.org\/{rel}","templated":true}]}}