{"id":24807,"date":"2020-10-05T11:44:41","date_gmt":"2020-10-05T08:44:41","guid":{"rendered":"https:\/\/www.radiomarket.fi\/tuote\/ekua0137-vef-veftrio-3bd-37\/"},"modified":"2021-10-05T16:13:44","modified_gmt":"2021-10-05T13:13:44","slug":"ekua0137-vef-veftrio-3bd-37","status":"publish","type":"product","link":"https:\/\/www.radiomarket.fi\/en\/kohde\/ekua0137-vef-veftrio-3bd-37\/","title":{"rendered":"EKUA0137 VEF Veftrio 3BD\/37"},"content":{"rendered":"<p>P\u00e4\u00e4tynuppi puuttuu. Pinta eritt\u00e4in kulunut muuten OK.<\/p>","protected":false},"excerpt":{"rendered":"<p>P\u00e4\u00e4tynuppi puuttuu. Pinta eritt\u00e4in kulunut muuten OK.<\/p>","protected":false},"featured_media":283,"template":"","meta":[],"_links":{"self":[{"href":"https:\/\/www.radiomarket.fi\/en\/wp-json\/wp\/v2\/product\/24807"}],"collection":[{"href":"https:\/\/www.radiomarket.fi\/en\/wp-json\/wp\/v2\/product"}],"about":[{"href":"https:\/\/www.radiomarket.fi\/en\/wp-json\/wp\/v2\/types\/product"}],"wp:featuredmedia":[{"embeddable":true,"href":"https:\/\/www.radiomarket.fi\/en\/wp-json\/wp\/v2\/media\/283"}],"wp:attachment":[{"href":"https:\/\/www.radiomarket.fi\/en\/wp-json\/wp\/v2\/media?parent=24807"}],"curies":[{"name":"wp","href":"https:\/\/api.w.org\/{rel}","templated":true}]}}