{"id":24808,"date":"2020-10-05T11:44:42","date_gmt":"2020-10-05T08:44:42","guid":{"rendered":"https:\/\/www.radiomarket.fi\/tuote\/ekua0136-tefag-tefag-super-60-11w\/"},"modified":"2020-11-21T18:59:27","modified_gmt":"2020-11-21T16:59:27","slug":"ekua0136-tefag-tefag-super-60-11w","status":"publish","type":"product","link":"https:\/\/www.radiomarket.fi\/en\/kohde\/ekua0136-tefag-tefag-super-60-11w\/","title":{"rendered":"EKUA0136 Tefag Tefag Super 60\/11W"},"content":{"rendered":"Kulunut, ainakin n\u00e4k\u00f6viritysputki puuttuu. Vipukytkin ei alkuper\u00e4inen, kaikki putket puuttuu, 6J5:lle istutettu ylim\u00e4\u00e4r\u00e4inen kanta. Puunpala pohjasta lohjennut, sis\u00e4ll\u00e4 irrallaan, liimattavissa. Kotelo kulmastaan ratkennut mutta siististi. Takalevyn kulmaan tehty reik\u00e4 ulostulolle.","protected":false},"excerpt":{"rendered":"<p>Kulunut, ainakin n\u00e4k\u00f6viritysputki puuttuu. Vipukytkin ei alkuper\u00e4inen, kaikki putket puuttuu, 6J5:lle istutettu ylim\u00e4\u00e4r\u00e4inen kanta. Puunpala pohjasta lohjennut, sis\u00e4ll\u00e4 irrallaan, liimattavissa. Kotelo kulmastaan ratkennut mutta siististi. Takalevyn kulmaan tehty reik\u00e4 ulostulolle.<\/p>","protected":false},"featured_media":277,"template":"","meta":[],"_links":{"self":[{"href":"https:\/\/www.radiomarket.fi\/en\/wp-json\/wp\/v2\/product\/24808"}],"collection":[{"href":"https:\/\/www.radiomarket.fi\/en\/wp-json\/wp\/v2\/product"}],"about":[{"href":"https:\/\/www.radiomarket.fi\/en\/wp-json\/wp\/v2\/types\/product"}],"wp:featuredmedia":[{"embeddable":true,"href":"https:\/\/www.radiomarket.fi\/en\/wp-json\/wp\/v2\/media\/277"}],"wp:attachment":[{"href":"https:\/\/www.radiomarket.fi\/en\/wp-json\/wp\/v2\/media?parent=24808"}],"curies":[{"name":"wp","href":"https:\/\/api.w.org\/{rel}","templated":true}]}}