{"id":24822,"date":"2025-02-05T11:44:49","date_gmt":"2025-02-05T09:44:49","guid":{"rendered":"https:\/\/www.radiomarket.fi\/tuote\/ekua0105-salora-671-v\/"},"modified":"2025-02-05T11:48:45","modified_gmt":"2025-02-05T09:48:45","slug":"ekua0105-salora-671-v","status":"publish","type":"product","link":"https:\/\/www.radiomarket.fi\/en\/kohde\/ekua0105-salora-671-v\/","title":{"rendered":"EKUA0105 Salora 671-V puretaan (EKUM)"},"content":{"rendered":"<p>Lanka paikallaan koska asteikkoviisari liikkuu, p\u00e4\u00e4tynupit tallella. Punainen verkkomuuntaja. Huono kotelo.<br \/><br \/><strong>Ainakin seuraavat osat puuttuvat:<\/strong><br \/><br \/>Asteikkolasi puuttuu.<br \/>Etukaiutinelementti puuttuu.<br \/>Putket puuttuvat (myyd\u00e4\u00e4n ilman kuvissa n\u00e4kyv\u00e4\u00e4 n\u00e4k\u00f6viritysputkea t\u00e4h\u00e4n hintaan).<br \/>Etupuolen nupit myyty varaosaksi. Nuppien halkaisija 5cm. Samaa nuppia pienemp\u00e4n\u00e4 (4cm) ja mahdollisin v\u00e4rieroin l\u00f6ytyy esim. tuotteista EKUM0206 ja EKUM0262.<br \/>Takalevy myyty varaosaksi kuvien oton j\u00e4lkeen.<br \/><br \/><\/p><p>Hinta kokonaisuudelle tai tilaa tarvitsemasi varaosa emaililla.<\/p>","protected":false},"excerpt":{"rendered":"<p>Lanka paikallaan koska asteikkoviisari liikkuu, p\u00e4\u00e4tynupit tallella. Punainen verkkomuuntaja. Huono kotelo.Ainakin seuraavat osat puuttuvat:Asteikkolasi puuttuu.Etukaiutinelementti puuttuu.Putket puuttuvat (myyd\u00e4\u00e4n ilman kuvissa n\u00e4kyv\u00e4\u00e4 n\u00e4k\u00f6viritysputkea t\u00e4h\u00e4n hintaan).Etupuolen nupit myyty varaosaksi. Nuppien halkaisija 5cm. Samaa nuppia pienemp\u00e4n\u00e4 (4cm) ja mahdollisin v\u00e4rieroin l\u00f6ytyy esim. tuotteista EKUM0206 ja EKUM0262.Takalevy myyty varaosaksi kuvien oton j\u00e4lkeen.Hinta kokonaisuudelle tai tilaa tarvitsemasi varaosa emaililla.<\/p>","protected":false},"featured_media":227,"template":"","meta":[],"_links":{"self":[{"href":"https:\/\/www.radiomarket.fi\/en\/wp-json\/wp\/v2\/product\/24822"}],"collection":[{"href":"https:\/\/www.radiomarket.fi\/en\/wp-json\/wp\/v2\/product"}],"about":[{"href":"https:\/\/www.radiomarket.fi\/en\/wp-json\/wp\/v2\/types\/product"}],"wp:featuredmedia":[{"embeddable":true,"href":"https:\/\/www.radiomarket.fi\/en\/wp-json\/wp\/v2\/media\/227"}],"wp:attachment":[{"href":"https:\/\/www.radiomarket.fi\/en\/wp-json\/wp\/v2\/media?parent=24822"}],"curies":[{"name":"wp","href":"https:\/\/api.w.org\/{rel}","templated":true}]}}