{"id":24835,"date":"2020-10-05T11:44:57","date_gmt":"2020-10-05T08:44:57","guid":{"rendered":"https:\/\/www.radiomarket.fi\/tuote\/ekua0080-tuntematon-at-puhelimen-valitsinlevy\/"},"modified":"2020-10-05T11:44:57","modified_gmt":"2020-10-05T08:44:57","slug":"ekua0080-tuntematon-at-puhelimen-valitsinlevy","status":"publish","type":"product","link":"https:\/\/www.radiomarket.fi\/en\/kohde\/ekua0080-tuntematon-at-puhelimen-valitsinlevy\/","title":{"rendered":"EKUA0080 Tuntematon AT-puhelimen valitsinlevy"},"content":{"rendered":"Vaalea, kierrett\u00e4v\u00e4. OK.","protected":false},"excerpt":{"rendered":"<p>Vaalea, kierrett\u00e4v\u00e4. OK.<\/p>","protected":false},"featured_media":181,"template":"","meta":[],"_links":{"self":[{"href":"https:\/\/www.radiomarket.fi\/en\/wp-json\/wp\/v2\/product\/24835"}],"collection":[{"href":"https:\/\/www.radiomarket.fi\/en\/wp-json\/wp\/v2\/product"}],"about":[{"href":"https:\/\/www.radiomarket.fi\/en\/wp-json\/wp\/v2\/types\/product"}],"wp:featuredmedia":[{"embeddable":true,"href":"https:\/\/www.radiomarket.fi\/en\/wp-json\/wp\/v2\/media\/181"}],"wp:attachment":[{"href":"https:\/\/www.radiomarket.fi\/en\/wp-json\/wp\/v2\/media?parent=24835"}],"curies":[{"name":"wp","href":"https:\/\/api.w.org\/{rel}","templated":true}]}}